{"id":1572,"date":"2020-05-24T22:22:20","date_gmt":"2020-05-24T20:22:20","guid":{"rendered":"http:\/\/home.agh.edu.pl\/~zuchowsk\/?page_id=1572"},"modified":"2021-06-26T11:33:56","modified_gmt":"2021-06-26T09:33:56","slug":"konkurs-fotograficzny-zdjecie-na-okladke","status":"publish","type":"page","link":"https:\/\/ssn-pts.pl\/?page_id=1572","title":{"rendered":"Konkurs Fotograficzny &#8222;Zdj\u0119cie na ok\u0142adk\u0119&#8221; edycja I"},"content":{"rendered":"\t\t<div data-elementor-type=\"wp-page\" data-elementor-id=\"1572\" class=\"elementor elementor-1572\">\n\t\t\t\t\t\t<section class=\"elementor-section elementor-top-section elementor-element elementor-element-8219d5f elementor-section-full_width elementor-section-height-default elementor-section-height-default\" data-id=\"8219d5f\" data-element_type=\"section\" data-e-type=\"section\">\n\t\t\t\t\t\t<div class=\"elementor-container elementor-column-gap-default\">\n\t\t\t\t\t<div class=\"elementor-column elementor-col-100 elementor-top-column elementor-element elementor-element-8242a4a\" data-id=\"8242a4a\" data-element_type=\"column\" data-e-type=\"column\">\n\t\t\t<div class=\"elementor-widget-wrap elementor-element-populated\">\n\t\t\t\t\t\t<div class=\"elementor-element elementor-element-f3a977e elementor-widget elementor-widget-heading\" data-id=\"f3a977e\" data-element_type=\"widget\" data-e-type=\"widget\" data-widget_type=\"heading.default\">\n\t\t\t\t<div class=\"elementor-widget-container\">\n\t\t\t\t\t<h2 class=\"elementor-heading-title elementor-size-default\"><br>I edycja Konkursu \"Zdj\u0119cie na ok\u0142adk\u0119\"<br><br><\/h2>\t\t\t\t<\/div>\n\t\t\t\t<\/div>\n\t\t\t\t\t<\/div>\n\t\t<\/div>\n\t\t\t\t\t<\/div>\n\t\t<\/section>\n\t\t\t\t<section class=\"elementor-section elementor-top-section elementor-element elementor-element-5d49531 elementor-section-boxed elementor-section-height-default elementor-section-height-default\" data-id=\"5d49531\" data-element_type=\"section\" data-e-type=\"section\">\n\t\t\t\t\t\t<div class=\"elementor-container elementor-column-gap-default\">\n\t\t\t\t\t<div class=\"elementor-column elementor-col-100 elementor-top-column elementor-element elementor-element-ada05f7\" data-id=\"ada05f7\" data-element_type=\"column\" data-e-type=\"column\">\n\t\t\t<div class=\"elementor-widget-wrap elementor-element-populated\">\n\t\t\t\t\t\t<div class=\"elementor-element elementor-element-0b5835f elementor-widget elementor-widget-text-editor\" data-id=\"0b5835f\" data-element_type=\"widget\" data-e-type=\"widget\" data-widget_type=\"text-editor.default\">\n\t\t\t\t<div class=\"elementor-widget-container\">\n\t\t\t\t\t\t\t\t\t<p>Z rado\u015bci\u0105 i nieskrywan\u0105 satysfakcj\u0105 informujemy, \u017ce dokonali\u015bmy rozstrzygni\u0119cia konkursu \u201eZdj\u0119cia na ok\u0142adk\u0119\u201d.\u00a0 Przede wszystkim pragniemy gor\u0105co podzi\u0119kowa\u0107 wszystkim, kt\u00f3rzy zg\u0142osili si\u0119 do nas i przes\u0142ali swoje prace. Mo\u017cemy \u015bmia\u0142o stwierdzi\u0107, \u017ce jak zwykle, przy r\u00f3\u017cnego rodzaju sekcyjnych inicjatywach, nie zawiedli\u015bcie! Z ca\u0142\u0105 moc\u0105 dzi\u0119kujemy!<\/p><p>Po\u015br\u00f3d prac, kt\u00f3re zosta\u0142y nades\u0142ane naszym zdaniem kilka zas\u0142ugiwa\u0142o na uznanie, w zwi\u0105zku z tym postanowili\u015bmy przyzna\u0107:<\/p><p><strong>Nagrod\u0119 g\u0142\u00f3wn\u0105 za zdj\u0119cie pod tytu\u0142em:\u00a0<\/strong><strong>\u201eWojciech Manterys z siostrzenic\u0105\u201d\u00a0 autorstwa Hanny Manterys<\/strong><\/p><p><strong>Wyr\u00f3\u017cnienie za zdj\u0119cie pod tytu\u0142em:\u00a0<\/strong><strong>\u00a0\u201ePokona\u0107 smoka\u201d\u00a0\u00a0 autorstwa\u00a0 Rafa\u0142a Roykiewicza<\/strong><\/p><p><strong>Wyr\u00f3\u017cnienie za zdj\u0119cie pod tytu\u0142em: \u201ePoza\u201d autorstwa Anny Frydrych<\/strong><\/p><p>Poniewa\u017c naszym zamiarem jest, aby inicjatywy publikacyjne sekcji mia\u0142y charakter ci\u0105g\u0142y, zatem wszystkie nagrodzone i wyr\u00f3\u017cnione prace zostan\u0105 w zamieszczone na ok\u0142adkach wydawanych pod naszymi auspicjami monografiach.<\/p><p><strong>W zwi\u0105zku z tym zdj\u0119cia \u201eWojciech Manterys z siostrzenic\u0105\u201d oraz \u201ePokona\u0107 smoka\u201d znajd\u0105 si\u0119 na ok\u0142adce ksi\u0105\u017cki pt. \u201eZrozumie\u0107 niepe\u0142nosprawno\u015b\u0107. Problemy, badania, refleksje\u2013 perspektywa m\u0142odych badaczy\u201d, natomiast zdj\u0119cie z serii \u201ePoza\u201d b\u0119dzie uwiecznione na ok\u0142adce ksi\u0105\u017cki zatytu\u0142owanej\u00a0<\/strong><a href=\"https:\/\/wydawnictwo.uni.lodz.pl\/wp-content\/uploads\/2021\/01\/Calek-Jak-badac-.jpg\" target=\"_blank\" rel=\"noopener\">\u201eJak bada\u0107 zjawisko niepe\u0142nosprawno\u015bci. Szanse i zagro\u017cenia za\u0142o\u017ce\u0144 teoretycznych i metodologicznych studi\u00f3w nad niepe\u0142nosprawno\u015bci\u0105\u201d<\/a><strong>.<\/strong><\/p><p>Podj\u0119li\u015bmy tak\u017ce decyzj\u0119 o tym, aby konkurs \u201eZdj\u0119cie na ok\u0142adk\u0119\u201d mia\u0142 cykliczny charakter. Dlatego ju\u017c dzi\u015b gor\u0105co zach\u0119camy do poszukiwania ciekawych temat\u00f3w, inspiruj\u0105cych uj\u0119\u0107, nieszablonowych sytuacji, kt\u00f3re b\u0119d\u0105 mog\u0142y sta\u0107 si\u0119 w przysz\u0142ych podstaw\u0105 zg\u0142oszenia do organizowanych przez nas konkurs\u00f3w.<\/p><p style=\"text-align: left;\">Jeszcze raz gratulujemy naszym zwyci\u0119zcom, a wszystkim Pa\u0144stwu dzi\u0119kujemy za zainteresowanie konkursem. I zach\u0119camy do udzia\u0142u w kolejnych jego edycjach.<\/p><p style=\"text-align: left;\">Cz\u0142onkowie jury w sk\u0142adzie:<\/p><p style=\"text-align: left;\"><span style=\"font-size: 1em;\">Grzegorz Ca\u0142ek,\u00a0<\/span><span style=\"font-size: 1em;\">Jakub Niedbalski,\u00a0<\/span><span style=\"font-size: 1em;\">Mariola Rac\u0142aw<\/span><\/p>\t\t\t\t\t\t\t\t<\/div>\n\t\t\t\t<\/div>\n\t\t\t\t\t<\/div>\n\t\t<\/div>\n\t\t\t\t\t<\/div>\n\t\t<\/section>\n\t\t\t\t<section class=\"elementor-section elementor-top-section elementor-element elementor-element-e0763d1 elementor-section-boxed elementor-section-height-default elementor-section-height-default\" data-id=\"e0763d1\" data-element_type=\"section\" data-e-type=\"section\">\n\t\t\t\t\t\t<div class=\"elementor-container elementor-column-gap-extended\">\n\t\t\t\t\t<div class=\"elementor-column elementor-col-100 elementor-top-column elementor-element elementor-element-dc2344f\" data-id=\"dc2344f\" data-element_type=\"column\" data-e-type=\"column\">\n\t\t\t<div class=\"elementor-widget-wrap elementor-element-populated\">\n\t\t\t\t\t\t<div class=\"elementor-element elementor-element-62fe3ee elementor-widget elementor-widget-heading\" data-id=\"62fe3ee\" data-element_type=\"widget\" data-e-type=\"widget\" data-widget_type=\"heading.default\">\n\t\t\t\t<div class=\"elementor-widget-container\">\n\t\t\t\t\t<h1 class=\"elementor-heading-title elementor-size-default\"><br>Galeria  zdj\u0119\u0107 konkursowych<br><br><\/h1>\t\t\t\t<\/div>\n\t\t\t\t<\/div>\n\t\t\t\t\t<\/div>\n\t\t<\/div>\n\t\t\t\t\t<\/div>\n\t\t<\/section>\n\t\t\t\t<section class=\"elementor-section elementor-top-section elementor-element elementor-element-e024589 elementor-section-boxed elementor-section-height-default elementor-section-height-default\" data-id=\"e024589\" data-element_type=\"section\" data-e-type=\"section\">\n\t\t\t\t\t\t<div class=\"elementor-container elementor-column-gap-default\">\n\t\t\t\t\t<div class=\"elementor-column elementor-col-33 elementor-top-column elementor-element elementor-element-39b3647\" data-id=\"39b3647\" data-element_type=\"column\" data-e-type=\"column\">\n\t\t\t<div class=\"elementor-widget-wrap elementor-element-populated\">\n\t\t\t\t\t\t<div class=\"elementor-element elementor-element-8e2bee5 elementor-widget elementor-widget-image\" data-id=\"8e2bee5\" data-element_type=\"widget\" data-e-type=\"widget\" data-widget_type=\"image.default\">\n\t\t\t\t<div class=\"elementor-widget-container\">\n\t\t\t\t\t\t\t\t\t\t\t\t<figure class=\"wp-caption\">\n\t\t\t\t\t\t\t\t\t\t<img fetchpriority=\"high\" decoding=\"async\" width=\"576\" height=\"1024\" src=\"https:\/\/ssn-pts.pl\/wp-content\/uploads\/2020\/05\/Zgloszenie-2_3-576x1024.jpg\" class=\"attachment-large size-large wp-image-1659\" alt=\"Na zdj\u0119ciu m\u0142ody m\u0119\u017cczyzna z zespo\u0142em Downa siedzi przy stole i przytula ma\u0142\u0105 dziewczynk\u0119, do kt\u00f3rej si\u0119 nachyla\" srcset=\"https:\/\/ssn-pts.pl\/wp-content\/uploads\/2020\/05\/Zgloszenie-2_3-576x1024.jpg 576w, https:\/\/ssn-pts.pl\/wp-content\/uploads\/2020\/05\/Zgloszenie-2_3-169x300.jpg 169w, https:\/\/ssn-pts.pl\/wp-content\/uploads\/2020\/05\/Zgloszenie-2_3-768x1366.jpg 768w, https:\/\/ssn-pts.pl\/wp-content\/uploads\/2020\/05\/Zgloszenie-2_3-864x1536.jpg 864w, https:\/\/ssn-pts.pl\/wp-content\/uploads\/2020\/05\/Zgloszenie-2_3.jpg 987w\" sizes=\"(max-width: 576px) 100vw, 576px\" \/>\t\t\t\t\t\t\t\t\t\t\t<figcaption class=\"widget-image-caption wp-caption-text\"><\/figcaption>\n\t\t\t\t\t\t\t\t\t\t<\/figure>\n\t\t\t\t\t\t\t\t\t<\/div>\n\t\t\t\t<\/div>\n\t\t\t\t\t<\/div>\n\t\t<\/div>\n\t\t\t\t<div class=\"elementor-column elementor-col-33 elementor-top-column elementor-element elementor-element-68e3e36\" data-id=\"68e3e36\" data-element_type=\"column\" data-e-type=\"column\">\n\t\t\t<div class=\"elementor-widget-wrap elementor-element-populated\">\n\t\t\t\t\t\t<div class=\"elementor-element elementor-element-5e3b283 elementor-widget elementor-widget-image\" data-id=\"5e3b283\" data-element_type=\"widget\" data-e-type=\"widget\" data-widget_type=\"image.default\">\n\t\t\t\t<div class=\"elementor-widget-container\">\n\t\t\t\t\t\t\t\t\t\t\t\t\t\t\t<img decoding=\"async\" width=\"768\" height=\"1024\" src=\"https:\/\/ssn-pts.pl\/wp-content\/uploads\/2020\/05\/Rafa\u253c\u00e9-Roykiewicz-Pokonac\u2560\u00fc-smoka-1w-768x1024.jpg\" class=\"attachment-large size-large wp-image-1655\" alt=\"Na zdj\u0119ciu widzimy m\u0142odego m\u0119\u017cczyzn\u0119 z zespo\u0142em Downa, ubranego w czerwon\u0105 bluz\u0119 z kapturem i czarny podkoszulek, kt\u00f3ry jest widoczny gdy\u017c g\u00f3rna cz\u0119\u015b\u0107 bluzy jest rozsuni\u0119ta. M\u0142ody m\u0119\u017cczyzna stoi pomi\u0119dzy nogami rze\u017aby smoka wawelskiego, w tle widzimy li\u015bcie drzewa.\" srcset=\"https:\/\/ssn-pts.pl\/wp-content\/uploads\/2020\/05\/Rafa\u253c\u00e9-Roykiewicz-Pokonac\u2560\u00fc-smoka-1w-768x1024.jpg 768w, https:\/\/ssn-pts.pl\/wp-content\/uploads\/2020\/05\/Rafa\u253c\u00e9-Roykiewicz-Pokonac\u2560\u00fc-smoka-1w-225x300.jpg 225w, https:\/\/ssn-pts.pl\/wp-content\/uploads\/2020\/05\/Rafa\u253c\u00e9-Roykiewicz-Pokonac\u2560\u00fc-smoka-1w-1152x1536.jpg 1152w, https:\/\/ssn-pts.pl\/wp-content\/uploads\/2020\/05\/Rafa\u253c\u00e9-Roykiewicz-Pokonac\u2560\u00fc-smoka-1w-1536x2048.jpg 1536w, https:\/\/ssn-pts.pl\/wp-content\/uploads\/2020\/05\/Rafa\u253c\u00e9-Roykiewicz-Pokonac\u2560\u00fc-smoka-1w.jpg 1800w\" sizes=\"(max-width: 768px) 100vw, 768px\" \/>\t\t\t\t\t\t\t\t\t\t\t\t\t\t\t<\/div>\n\t\t\t\t<\/div>\n\t\t\t\t\t<\/div>\n\t\t<\/div>\n\t\t\t\t<div class=\"elementor-column elementor-col-33 elementor-top-column elementor-element elementor-element-cb79533\" data-id=\"cb79533\" data-element_type=\"column\" data-e-type=\"column\">\n\t\t\t<div class=\"elementor-widget-wrap elementor-element-populated\">\n\t\t\t\t\t\t<div class=\"elementor-element elementor-element-7e62768 elementor-widget elementor-widget-image\" data-id=\"7e62768\" data-element_type=\"widget\" data-e-type=\"widget\" data-widget_type=\"image.default\">\n\t\t\t\t<div class=\"elementor-widget-container\">\n\t\t\t\t\t\t\t\t\t\t\t\t\t\t\t<img decoding=\"async\" width=\"713\" height=\"1024\" src=\"https:\/\/ssn-pts.pl\/wp-content\/uploads\/2020\/05\/Anna_Frydrych_Poza-2-713x1024.jpg\" class=\"attachment-large size-large wp-image-1663\" alt=\"Na zdj\u0119ciu znak przedstawiaj\u0105cy symbol osoby na w\u00f3zku po\u0142o\u017cony na stercie \u015bmieci.\" srcset=\"https:\/\/ssn-pts.pl\/wp-content\/uploads\/2020\/05\/Anna_Frydrych_Poza-2-713x1024.jpg 713w, https:\/\/ssn-pts.pl\/wp-content\/uploads\/2020\/05\/Anna_Frydrych_Poza-2-209x300.jpg 209w, https:\/\/ssn-pts.pl\/wp-content\/uploads\/2020\/05\/Anna_Frydrych_Poza-2-768x1103.jpg 768w, https:\/\/ssn-pts.pl\/wp-content\/uploads\/2020\/05\/Anna_Frydrych_Poza-2-1069x1536.jpg 1069w, https:\/\/ssn-pts.pl\/wp-content\/uploads\/2020\/05\/Anna_Frydrych_Poza-2-1426x2048.jpg 1426w, https:\/\/ssn-pts.pl\/wp-content\/uploads\/2020\/05\/Anna_Frydrych_Poza-2.jpg 1717w\" sizes=\"(max-width: 713px) 100vw, 713px\" \/>\t\t\t\t\t\t\t\t\t\t\t\t\t\t\t<\/div>\n\t\t\t\t<\/div>\n\t\t\t\t\t<\/div>\n\t\t<\/div>\n\t\t\t\t\t<\/div>\n\t\t<\/section>\n\t\t\t\t<section class=\"elementor-section elementor-top-section elementor-element elementor-element-3c86992 elementor-section-full_width elementor-section-height-default elementor-section-height-default\" data-id=\"3c86992\" data-element_type=\"section\" data-e-type=\"section\">\n\t\t\t\t\t\t<div class=\"elementor-container elementor-column-gap-default\">\n\t\t\t\t\t<div class=\"elementor-column elementor-col-33 elementor-top-column elementor-element elementor-element-5a16a0b\" data-id=\"5a16a0b\" data-element_type=\"column\" data-e-type=\"column\">\n\t\t\t<div class=\"elementor-widget-wrap elementor-element-populated\">\n\t\t\t\t\t\t<div class=\"elementor-element elementor-element-6b1e2a2 elementor-widget elementor-widget-heading\" data-id=\"6b1e2a2\" data-element_type=\"widget\" data-e-type=\"widget\" data-widget_type=\"heading.default\">\n\t\t\t\t<div class=\"elementor-widget-container\">\n\t\t\t\t\t<h2 class=\"elementor-heading-title elementor-size-default\">Nagroda g\u0142\u00f3wna<\/h2>\t\t\t\t<\/div>\n\t\t\t\t<\/div>\n\t\t\t\t\t<\/div>\n\t\t<\/div>\n\t\t\t\t<div class=\"elementor-column elementor-col-33 elementor-top-column elementor-element elementor-element-61701a0\" data-id=\"61701a0\" data-element_type=\"column\" data-e-type=\"column\">\n\t\t\t<div class=\"elementor-widget-wrap elementor-element-populated\">\n\t\t\t\t\t\t<div class=\"elementor-element elementor-element-7fe7966 elementor-widget elementor-widget-heading\" data-id=\"7fe7966\" data-element_type=\"widget\" data-e-type=\"widget\" data-widget_type=\"heading.default\">\n\t\t\t\t<div class=\"elementor-widget-container\">\n\t\t\t\t\t<h2 class=\"elementor-heading-title elementor-size-default\">Wyr\u00f3\u017cnienie<\/h2>\t\t\t\t<\/div>\n\t\t\t\t<\/div>\n\t\t\t\t\t<\/div>\n\t\t<\/div>\n\t\t\t\t<div class=\"elementor-column elementor-col-33 elementor-top-column elementor-element elementor-element-5cf8fec\" data-id=\"5cf8fec\" data-element_type=\"column\" data-e-type=\"column\">\n\t\t\t<div class=\"elementor-widget-wrap elementor-element-populated\">\n\t\t\t\t\t\t<div class=\"elementor-element elementor-element-59fbdc8 elementor-widget elementor-widget-heading\" data-id=\"59fbdc8\" data-element_type=\"widget\" data-e-type=\"widget\" data-widget_type=\"heading.default\">\n\t\t\t\t<div class=\"elementor-widget-container\">\n\t\t\t\t\t<h2 class=\"elementor-heading-title elementor-size-default\">Wyr\u00f3\u017cnienie<\/h2>\t\t\t\t<\/div>\n\t\t\t\t<\/div>\n\t\t\t\t\t<\/div>\n\t\t<\/div>\n\t\t\t\t\t<\/div>\n\t\t<\/section>\n\t\t\t\t<section class=\"elementor-section elementor-top-section elementor-element elementor-element-08e14a6 elementor-section-full_width elementor-section-height-default elementor-section-height-default\" data-id=\"08e14a6\" data-element_type=\"section\" data-e-type=\"section\">\n\t\t\t\t\t\t<div class=\"elementor-container elementor-column-gap-default\">\n\t\t\t\t\t<div class=\"elementor-column elementor-col-33 elementor-top-column elementor-element elementor-element-6fc4407\" data-id=\"6fc4407\" data-element_type=\"column\" data-e-type=\"column\">\n\t\t\t<div class=\"elementor-widget-wrap elementor-element-populated\">\n\t\t\t\t\t\t<div class=\"elementor-element elementor-element-0047dda elementor-widget elementor-widget-text-editor\" data-id=\"0047dda\" data-element_type=\"widget\" data-e-type=\"widget\" data-widget_type=\"text-editor.default\">\n\t\t\t\t<div class=\"elementor-widget-container\">\n\t\t\t\t\t\t\t\t\t<h6 style=\"text-align: center;\">\u201eWojciech Manterys z siostrzenic\u0105&#8221;\u00a0\u00a0<\/h6><h6 style=\"text-align: center;\">Hanna Manterys<\/h6>\t\t\t\t\t\t\t\t<\/div>\n\t\t\t\t<\/div>\n\t\t\t\t\t<\/div>\n\t\t<\/div>\n\t\t\t\t<div class=\"elementor-column elementor-col-33 elementor-top-column elementor-element elementor-element-0f71ded\" data-id=\"0f71ded\" data-element_type=\"column\" data-e-type=\"column\">\n\t\t\t<div class=\"elementor-widget-wrap elementor-element-populated\">\n\t\t\t\t\t\t<div class=\"elementor-element elementor-element-d794470 elementor-widget elementor-widget-text-editor\" data-id=\"d794470\" data-element_type=\"widget\" data-e-type=\"widget\" data-widget_type=\"text-editor.default\">\n\t\t\t\t<div class=\"elementor-widget-container\">\n\t\t\t\t\t\t\t\t\t<h6 style=\"text-align: center;\">&#8222;Pokona\u0107 smoka&#8221;\u00a0<\/h6><h6 style=\"text-align: center;\">Rafa\u0142 Roykiewicz<\/h6>\t\t\t\t\t\t\t\t<\/div>\n\t\t\t\t<\/div>\n\t\t\t\t\t<\/div>\n\t\t<\/div>\n\t\t\t\t<div class=\"elementor-column elementor-col-33 elementor-top-column elementor-element elementor-element-dbe4b17\" data-id=\"dbe4b17\" data-element_type=\"column\" data-e-type=\"column\">\n\t\t\t<div class=\"elementor-widget-wrap elementor-element-populated\">\n\t\t\t\t\t\t<div class=\"elementor-element elementor-element-ba3137b elementor-widget elementor-widget-text-editor\" data-id=\"ba3137b\" data-element_type=\"widget\" data-e-type=\"widget\" data-widget_type=\"text-editor.default\">\n\t\t\t\t<div class=\"elementor-widget-container\">\n\t\t\t\t\t\t\t\t\t<h6 style=\"text-align: center;\">\u201ePoza\u201d\u00a0<\/h6><h6 style=\"text-align: center;\">Anna Frydrych<\/h6>\t\t\t\t\t\t\t\t<\/div>\n\t\t\t\t<\/div>\n\t\t\t\t\t<\/div>\n\t\t<\/div>\n\t\t\t\t\t<\/div>\n\t\t<\/section>\n\t\t\t\t<\/div>\n\t\t","protected":false},"excerpt":{"rendered":"<p>I edycja Konkursu &#8222;Zdj\u0119cie na ok\u0142adk\u0119&#8221; Z rado\u015bci\u0105 i nieskrywan\u0105 satysfakcj\u0105 informujemy, \u017ce dokonali\u015bmy rozstrzygni\u0119cia konkursu \u201eZdj\u0119cia na ok\u0142adk\u0119\u201d.\u00a0 Przede wszystkim pragniemy gor\u0105co podzi\u0119kowa\u0107 wszystkim, kt\u00f3rzy zg\u0142osili si\u0119 do nas i przes\u0142ali swoje prace. Mo\u017cemy \u015bmia\u0142o stwierdzi\u0107, \u017ce jak zwykle, przy r\u00f3\u017cnego rodzaju sekcyjnych inicjatywach, nie zawiedli\u015bcie! Z ca\u0142\u0105 moc\u0105&#8230;<\/p>\n","protected":false},"author":1,"featured_media":0,"parent":0,"menu_order":0,"comment_status":"closed","ping_status":"closed","template":"","meta":{"footnotes":""},"class_list":["post-1572","page","type-page","status-publish","hentry"],"yoast_head":"<!-- This site is optimized with the Yoast SEO plugin v19.12 - https:\/\/yoast.com\/wordpress\/plugins\/seo\/ -->\n<title>Konkurs Fotograficzny &quot;Zdj\u0119cie na ok\u0142adk\u0119&quot; edycja I - Sekcja PTS Socjologii Niepe\u0142nosprawno\u015bci<\/title>\n<meta name=\"robots\" content=\"index, follow, max-snippet:-1, max-image-preview:large, max-video-preview:-1\" \/>\n<link rel=\"canonical\" href=\"https:\/\/ssn-pts.pl\/?page_id=1572\" \/>\n<meta property=\"og:locale\" content=\"pl_PL\" \/>\n<meta property=\"og:type\" content=\"article\" \/>\n<meta property=\"og:title\" content=\"Konkurs Fotograficzny &quot;Zdj\u0119cie na ok\u0142adk\u0119&quot; edycja I - Sekcja PTS Socjologii Niepe\u0142nosprawno\u015bci\" \/>\n<meta property=\"og:description\" content=\"I edycja Konkursu &#8222;Zdj\u0119cie na ok\u0142adk\u0119&#8221; Z rado\u015bci\u0105 i nieskrywan\u0105 satysfakcj\u0105 informujemy, \u017ce dokonali\u015bmy rozstrzygni\u0119cia konkursu \u201eZdj\u0119cia na ok\u0142adk\u0119\u201d.\u00a0 Przede wszystkim pragniemy gor\u0105co podzi\u0119kowa\u0107 wszystkim, kt\u00f3rzy zg\u0142osili si\u0119 do nas i przes\u0142ali swoje prace. Mo\u017cemy \u015bmia\u0142o stwierdzi\u0107, \u017ce jak zwykle, przy r\u00f3\u017cnego rodzaju sekcyjnych inicjatywach, nie zawiedli\u015bcie! Z ca\u0142\u0105 moc\u0105...\" \/>\n<meta property=\"og:url\" content=\"https:\/\/ssn-pts.pl\/?page_id=1572\" \/>\n<meta property=\"og:site_name\" content=\"Sekcja PTS Socjologii Niepe\u0142nosprawno\u015bci\" \/>\n<meta property=\"article:publisher\" content=\"https:\/\/www.facebook.com\/pg\/SSNPTS\" \/>\n<meta property=\"article:modified_time\" content=\"2021-06-26T09:33:56+00:00\" \/>\n<meta property=\"og:image\" content=\"http:\/\/socjologianiepelnosprawnosci.pl\/wp-content\/uploads\/2020\/05\/Zgloszenie-2_3-576x1024.jpg\" \/>\n<meta name=\"twitter:card\" content=\"summary_large_image\" \/>\n<meta name=\"twitter:label1\" content=\"Szacowany czas czytania\" \/>\n\t<meta name=\"twitter:data1\" content=\"2 minuty\" \/>\n<script type=\"application\/ld+json\" class=\"yoast-schema-graph\">{\"@context\":\"https:\/\/schema.org\",\"@graph\":[{\"@type\":\"WebPage\",\"@id\":\"https:\/\/ssn-pts.pl\/?page_id=1572\",\"url\":\"https:\/\/ssn-pts.pl\/?page_id=1572\",\"name\":\"Konkurs Fotograficzny \\\"Zdj\u0119cie na ok\u0142adk\u0119\\\" edycja I - Sekcja PTS Socjologii Niepe\u0142nosprawno\u015bci\",\"isPartOf\":{\"@id\":\"http:\/\/ssn-pts.pl\/#website\"},\"datePublished\":\"2020-05-24T20:22:20+00:00\",\"dateModified\":\"2021-06-26T09:33:56+00:00\",\"breadcrumb\":{\"@id\":\"https:\/\/ssn-pts.pl\/?page_id=1572#breadcrumb\"},\"inLanguage\":\"pl-PL\",\"potentialAction\":[{\"@type\":\"ReadAction\",\"target\":[\"https:\/\/ssn-pts.pl\/?page_id=1572\"]}]},{\"@type\":\"BreadcrumbList\",\"@id\":\"https:\/\/ssn-pts.pl\/?page_id=1572#breadcrumb\",\"itemListElement\":[{\"@type\":\"ListItem\",\"position\":1,\"name\":\"Strona g\u0142\u00f3wna\",\"item\":\"http:\/\/ssn-pts.pl\/\"},{\"@type\":\"ListItem\",\"position\":2,\"name\":\"Konkurs Fotograficzny &#8222;Zdj\u0119cie na ok\u0142adk\u0119&#8221; edycja I\"}]},{\"@type\":\"WebSite\",\"@id\":\"http:\/\/ssn-pts.pl\/#website\",\"url\":\"http:\/\/ssn-pts.pl\/\",\"name\":\"Sekcja PTS Socjologia Niepe\u0142nosprawno\u015bci\",\"description\":\"\",\"publisher\":{\"@id\":\"http:\/\/ssn-pts.pl\/#organization\"},\"potentialAction\":[{\"@type\":\"SearchAction\",\"target\":{\"@type\":\"EntryPoint\",\"urlTemplate\":\"http:\/\/ssn-pts.pl\/?s={search_term_string}\"},\"query-input\":\"required name=search_term_string\"}],\"inLanguage\":\"pl-PL\"},{\"@type\":\"Organization\",\"@id\":\"http:\/\/ssn-pts.pl\/#organization\",\"name\":\"Sekcja PTS Socjologia Niepe\u0142nosprawno\u015bci\",\"url\":\"http:\/\/ssn-pts.pl\/\",\"logo\":{\"@type\":\"ImageObject\",\"inLanguage\":\"pl-PL\",\"@id\":\"http:\/\/ssn-pts.pl\/#\/schema\/logo\/image\/\",\"url\":\"http:\/\/socjologianiepelnosprawnosci.pl\/wp-content\/uploads\/2019\/07\/logo.png\",\"contentUrl\":\"http:\/\/socjologianiepelnosprawnosci.pl\/wp-content\/uploads\/2019\/07\/logo.png\",\"width\":872,\"height\":604,\"caption\":\"Sekcja PTS Socjologia Niepe\u0142nosprawno\u015bci\"},\"image\":{\"@id\":\"http:\/\/ssn-pts.pl\/#\/schema\/logo\/image\/\"},\"sameAs\":[\"https:\/\/www.facebook.com\/pg\/SSNPTS\"]}]}<\/script>\n<!-- \/ Yoast SEO plugin. -->","yoast_head_json":{"title":"Konkurs Fotograficzny \"Zdj\u0119cie na ok\u0142adk\u0119\" edycja I - Sekcja PTS Socjologii Niepe\u0142nosprawno\u015bci","robots":{"index":"index","follow":"follow","max-snippet":"max-snippet:-1","max-image-preview":"max-image-preview:large","max-video-preview":"max-video-preview:-1"},"canonical":"https:\/\/ssn-pts.pl\/?page_id=1572","og_locale":"pl_PL","og_type":"article","og_title":"Konkurs Fotograficzny \"Zdj\u0119cie na ok\u0142adk\u0119\" edycja I - Sekcja PTS Socjologii Niepe\u0142nosprawno\u015bci","og_description":"I edycja Konkursu &#8222;Zdj\u0119cie na ok\u0142adk\u0119&#8221; Z rado\u015bci\u0105 i nieskrywan\u0105 satysfakcj\u0105 informujemy, \u017ce dokonali\u015bmy rozstrzygni\u0119cia konkursu \u201eZdj\u0119cia na ok\u0142adk\u0119\u201d.\u00a0 Przede wszystkim pragniemy gor\u0105co podzi\u0119kowa\u0107 wszystkim, kt\u00f3rzy zg\u0142osili si\u0119 do nas i przes\u0142ali swoje prace. Mo\u017cemy \u015bmia\u0142o stwierdzi\u0107, \u017ce jak zwykle, przy r\u00f3\u017cnego rodzaju sekcyjnych inicjatywach, nie zawiedli\u015bcie! Z ca\u0142\u0105 moc\u0105...","og_url":"https:\/\/ssn-pts.pl\/?page_id=1572","og_site_name":"Sekcja PTS Socjologii Niepe\u0142nosprawno\u015bci","article_publisher":"https:\/\/www.facebook.com\/pg\/SSNPTS","article_modified_time":"2021-06-26T09:33:56+00:00","og_image":[{"url":"http:\/\/socjologianiepelnosprawnosci.pl\/wp-content\/uploads\/2020\/05\/Zgloszenie-2_3-576x1024.jpg"}],"twitter_card":"summary_large_image","twitter_misc":{"Szacowany czas czytania":"2 minuty"},"schema":{"@context":"https:\/\/schema.org","@graph":[{"@type":"WebPage","@id":"https:\/\/ssn-pts.pl\/?page_id=1572","url":"https:\/\/ssn-pts.pl\/?page_id=1572","name":"Konkurs Fotograficzny \"Zdj\u0119cie na ok\u0142adk\u0119\" edycja I - Sekcja PTS Socjologii Niepe\u0142nosprawno\u015bci","isPartOf":{"@id":"http:\/\/ssn-pts.pl\/#website"},"datePublished":"2020-05-24T20:22:20+00:00","dateModified":"2021-06-26T09:33:56+00:00","breadcrumb":{"@id":"https:\/\/ssn-pts.pl\/?page_id=1572#breadcrumb"},"inLanguage":"pl-PL","potentialAction":[{"@type":"ReadAction","target":["https:\/\/ssn-pts.pl\/?page_id=1572"]}]},{"@type":"BreadcrumbList","@id":"https:\/\/ssn-pts.pl\/?page_id=1572#breadcrumb","itemListElement":[{"@type":"ListItem","position":1,"name":"Strona g\u0142\u00f3wna","item":"http:\/\/ssn-pts.pl\/"},{"@type":"ListItem","position":2,"name":"Konkurs Fotograficzny &#8222;Zdj\u0119cie na ok\u0142adk\u0119&#8221; edycja I"}]},{"@type":"WebSite","@id":"http:\/\/ssn-pts.pl\/#website","url":"http:\/\/ssn-pts.pl\/","name":"Sekcja PTS Socjologia Niepe\u0142nosprawno\u015bci","description":"","publisher":{"@id":"http:\/\/ssn-pts.pl\/#organization"},"potentialAction":[{"@type":"SearchAction","target":{"@type":"EntryPoint","urlTemplate":"http:\/\/ssn-pts.pl\/?s={search_term_string}"},"query-input":"required name=search_term_string"}],"inLanguage":"pl-PL"},{"@type":"Organization","@id":"http:\/\/ssn-pts.pl\/#organization","name":"Sekcja PTS Socjologia Niepe\u0142nosprawno\u015bci","url":"http:\/\/ssn-pts.pl\/","logo":{"@type":"ImageObject","inLanguage":"pl-PL","@id":"http:\/\/ssn-pts.pl\/#\/schema\/logo\/image\/","url":"http:\/\/socjologianiepelnosprawnosci.pl\/wp-content\/uploads\/2019\/07\/logo.png","contentUrl":"http:\/\/socjologianiepelnosprawnosci.pl\/wp-content\/uploads\/2019\/07\/logo.png","width":872,"height":604,"caption":"Sekcja PTS Socjologia Niepe\u0142nosprawno\u015bci"},"image":{"@id":"http:\/\/ssn-pts.pl\/#\/schema\/logo\/image\/"},"sameAs":["https:\/\/www.facebook.com\/pg\/SSNPTS"]}]}},"_links":{"self":[{"href":"https:\/\/ssn-pts.pl\/index.php?rest_route=\/wp\/v2\/pages\/1572"}],"collection":[{"href":"https:\/\/ssn-pts.pl\/index.php?rest_route=\/wp\/v2\/pages"}],"about":[{"href":"https:\/\/ssn-pts.pl\/index.php?rest_route=\/wp\/v2\/types\/page"}],"author":[{"embeddable":true,"href":"https:\/\/ssn-pts.pl\/index.php?rest_route=\/wp\/v2\/users\/1"}],"replies":[{"embeddable":true,"href":"https:\/\/ssn-pts.pl\/index.php?rest_route=%2Fwp%2Fv2%2Fcomments&post=1572"}],"version-history":[{"count":45,"href":"https:\/\/ssn-pts.pl\/index.php?rest_route=\/wp\/v2\/pages\/1572\/revisions"}],"predecessor-version":[{"id":2952,"href":"https:\/\/ssn-pts.pl\/index.php?rest_route=\/wp\/v2\/pages\/1572\/revisions\/2952"}],"wp:attachment":[{"href":"https:\/\/ssn-pts.pl\/index.php?rest_route=%2Fwp%2Fv2%2Fmedia&parent=1572"}],"curies":[{"name":"wp","href":"https:\/\/api.w.org\/{rel}","templated":true}]}}