{"id":16,"date":"2019-07-18T12:12:11","date_gmt":"2019-07-18T10:12:11","guid":{"rendered":"http:\/\/home.agh.edu.pl\/~zuchowsk\/?page_id=16"},"modified":"2020-12-10T20:05:55","modified_gmt":"2020-12-10T19:05:55","slug":"elementor-16","status":"publish","type":"page","link":"https:\/\/ssn-pts.pl\/?page_id=16","title":{"rendered":"Og\u0142oszenia"},"content":{"rendered":"\t\t<div data-elementor-type=\"wp-post\" data-elementor-id=\"16\" class=\"elementor elementor-16\">\n\t\t\t\t\t\t<section class=\"elementor-section elementor-top-section elementor-element elementor-element-591d1f7 elementor-section-boxed elementor-section-height-default elementor-section-height-default\" data-id=\"591d1f7\" data-element_type=\"section\" data-e-type=\"section\">\n\t\t\t\t\t\t<div class=\"elementor-container elementor-column-gap-default\">\n\t\t\t\t\t<div class=\"elementor-column elementor-col-100 elementor-top-column elementor-element elementor-element-8f28378\" data-id=\"8f28378\" data-element_type=\"column\" data-e-type=\"column\">\n\t\t\t<div class=\"elementor-widget-wrap elementor-element-populated\">\n\t\t\t\t\t\t<div class=\"elementor-element elementor-element-17952b8 elementor-widget elementor-widget-heading\" data-id=\"17952b8\" data-element_type=\"widget\" data-e-type=\"widget\" data-widget_type=\"heading.default\">\n\t\t\t\t<div class=\"elementor-widget-container\">\n\t\t\t\t\t<h2 class=\"elementor-heading-title elementor-size-default\">Zebranie cz\u0142onk\u00f3w Sekcji Socjologii\nNiepe\u0142nosprawno\u015bci PTS \n<\/h2>\t\t\t\t<\/div>\n\t\t\t\t<\/div>\n\t\t\t\t<div class=\"elementor-element elementor-element-c7b5462 elementor-widget elementor-widget-text-editor\" data-id=\"c7b5462\" data-element_type=\"widget\" data-e-type=\"widget\" data-widget_type=\"text-editor.default\">\n\t\t\t\t<div class=\"elementor-widget-container\">\n\t\t\t\t\t\t\t\t\t<p style=\"text-align: left;\">Informujemy, \u017ce 13.09.2019 o godzinie 15. 30 na Stadionie we Wroc\u0142awiu w ramach XVII Zjazdu PTS odb\u0119dzie si\u0119 zebranie czlonk\u00f3w Sekcji Socjologii Niepe\u0142nosprawno\u015bci PTS. Spotkanie potrwa do 16.30. Jego celem b\u0119dzie<span style=\"font-size: 14px;\">&nbsp;przedyskutowanie najwa\u017cniejszych kwestii zwi\u0105zany z funkcjonowaniem Sekcji oraz wsp\u00f3lnie&nbsp;<\/span><span style=\"font-size: 14px;\">wypracowanie jej planu dzia\u0142ania na najbli\u017csze lata.<\/span><\/p>\n<p>Wst\u0119p wolny dla cz\u0142onk\u00f3w Sekcji ich rodzin oraz os\u00f3b, kt\u00f3re s\u0105 zaintersowane do\u0142\u0105czeniem do nas!<\/p>\n<p>Zainteresowanych zach\u0119camy do kontaktu: sekcjasnpts@gmail.com.<\/p>\n<p><a href=\"https:\/\/www.facebook.com\/events\/873619893003047\/\" target=\"_blank\">Wi\u0119cej informacji<\/a>.<br><\/p>\t\t\t\t\t\t\t\t<\/div>\n\t\t\t\t<\/div>\n\t\t\t\t\t<\/div>\n\t\t<\/div>\n\t\t\t\t\t<\/div>\n\t\t<\/section>\n\t\t\t\t<section class=\"elementor-section elementor-top-section elementor-element elementor-element-1b8f383 elementor-section-boxed elementor-section-height-default elementor-section-height-default\" data-id=\"1b8f383\" data-element_type=\"section\" data-e-type=\"section\">\n\t\t\t\t\t\t<div class=\"elementor-container elementor-column-gap-default\">\n\t\t\t\t\t<div class=\"elementor-column elementor-col-100 elementor-top-column elementor-element elementor-element-a0586c6\" data-id=\"a0586c6\" data-element_type=\"column\" data-e-type=\"column\">\n\t\t\t<div class=\"elementor-widget-wrap elementor-element-populated\">\n\t\t\t\t\t\t<div class=\"elementor-element elementor-element-c7cf5c3 elementor-widget elementor-widget-heading\" data-id=\"c7cf5c3\" data-element_type=\"widget\" data-e-type=\"widget\" data-widget_type=\"heading.default\">\n\t\t\t\t<div class=\"elementor-widget-container\">\n\t\t\t\t\t<h2 class=\"elementor-heading-title elementor-size-default\">CFP:\u00a0\u201eJak bada\u0107 zjawisko niepe\u0142nosprawno\u015bci? Szanse i zagro\u017cenia za\u0142o\u017ce\u0144 teoretycznych i metodologicznych studi\u00f3w o niepe\u0142nosprawno\u015bci\u201d<\/h2>\t\t\t\t<\/div>\n\t\t\t\t<\/div>\n\t\t\t\t<div class=\"elementor-element elementor-element-2b743ac elementor-widget elementor-widget-text-editor\" data-id=\"2b743ac\" data-element_type=\"widget\" data-e-type=\"widget\" data-widget_type=\"text-editor.default\">\n\t\t\t\t<div class=\"elementor-widget-container\">\n\t\t\t\t\t\t\t\t\t<p>W imieniu Zarz\u0105du Sekcji PTS zapraszamy do udzia\u0142 w monografii po\u015bwi\u0119conej metodologicznym i teoretycznym problemom bada\u0144 nad niepe\u0142nosprawno\u015bci\u0105:&nbsp;<span style=\"font-size: 14px;\">\u201eJak bada\u0107 zjawisko niepe\u0142nosprawno\u015bci? Szanse i zagro\u017cenia za\u0142o\u017ce\u0144 teoretycznych i metodologicznych studi\u00f3w o niepe\u0142nosprawno\u015bci\u201d.&nbsp;<\/span><\/p>\n<p>Prosimy o zg\u0142aszanie tekst\u00f3w po\u015bwi\u0119conych zagadnieniom:<\/p>\n<ol>\n<li>problem\u00f3w metodologicznych i teoretycznych w obszarze bada\u0144 dotycz\u0105cych &nbsp;niepe\u0142nosprawno\u015bci;<\/li>\n<li>podmiotowo\u015bci i to\u017csamo\u015bci os\u00f3b z niepe\u0142nosprawno\u015bci\u0105 (z uwzgl\u0119dnieniem aspekt\u00f3w metodologii badania wskazanych kwestii);<\/li>\n<li>edukacji i aktywno\u015bci zawodowej oraz pozazawodowej os\u00f3b z niepe\u0142nosprawno\u015bci\u0105 (z uwzgl\u0119dnieniem metodologii badania wskazanych zagadnie\u0144).<\/li>\n<\/ol>\n<p>Artyku\u0142y przygotowane do monografii powinny uwzgl\u0119dnia\u0107 szanse i zagro\u017cenia wynikaj\u0105ce z kontekstu kulturowo-spo\u0142ecznego oraz systemowo-instytucjonalnego w badaniach&nbsp; nad niepe\u0142nosprawno\u015bci\u0105. Mog\u0105 te\u017c obejmowa\u0107 konkretne przyk\u0142ady ilustruj\u0105ce podejmowane zagadnienia badawcze oraz bezpo\u015brednie do\u015bwiadczenia os\u00f3b badaj\u0105cych zjawisko niepe\u0142nosprawno\u015bci w r\u00f3\u017cnych obszarach \u017cycia spo\u0142ecznego.<\/p>\n<p>Istotny nacisk nale\u017cy te\u017c po\u0142o\u017cy\u0107 na wymiar aplikacyjny przygotowywanych tekst\u00f3w. Ksi\u0105\u017cka ma si\u0119 bowiem sta\u0107 obiektem zainteresowa\u0144 zar\u00f3wno przedstawicieli nauki, jak i praktyk\u00f3w, zw\u0142aszcza os\u00f3b zatrudnionych w jednostkach pomocy spo\u0142ecznej, instytucjach pomocowych, a tak\u017ce organizacjach pozarz\u0105dowych i rz\u0105dowych, kt\u00f3rych jednym z zasadniczych obszar\u00f3w dzia\u0142ania jest diagnozowanie sytuacji os\u00f3b z niepe\u0142nosprawno\u015bciami i projektowanie zmian maj\u0105cych na celu aktywizacj\u0119 tego \u015brodowiska. Publikacja powinna \u0142\u0105czy\u0107 w sobie zar\u00f3wno cechy opracowania naukowego, opartego na badaniach w\u0142asnych poszczeg\u00f3lnych autor\u00f3w, jak i wnioski o charakterze rekomendacji.&nbsp;<\/p>\n<p>Ka\u017cdy z rozdzia\u0142\u00f3w powinien mie\u015bci\u0107 si\u0119 w granicach od 20000 znak\u00f3w do 40000 znak\u00f3w ze spacjami (czyli od p\u00f3\u0142 do jednego arkusza wydawniczego), wraz z bibliografi\u0105 oraz notk\u0105 o autorze. &nbsp;<\/p>\n<p><strong>Termin na przygotowanie rozdzia\u0142u to 23 wrze\u015bnia 2019 roku. <\/strong><\/p>\n<p>Przewidywany termin publikacji to drugi\/trzeci kwarta\u0142 2020 roku.<\/p>\n<p><span style=\"font-size: 14px;\">Publikacja powstanie w ramach serii monografii naukowych wydawanych przez Wydawnictwo Uniwersytetu \u0141\u00f3dzkiego (figuruj\u0105ce na li\u015bcie ministerialnej).<\/span><\/p>\n<p><span style=\"font-size: 14px;\">Zapraszamy do przesy\u0142ania tekst\u00f3w na adres: <a href=\"mailto:sekcjaSNPTS@gmail.com\">sekcjaSNPTS@gmail.com<\/a>&nbsp;<\/span><\/p>\n<p><a href=\"http:\/\/home.agh.edu.pl\/~zuchowsk\/wp-content\/uploads\/2019\/07\/CFP_zaproszenie-do-udzia\u0142u-w-monografii_og\u00f3lne-1.pdf\" target=\"_blank\">Pobierz CFP<\/a><br><\/p><p><a href=\"http:\/\/home.agh.edu.pl\/~zuchowsk\/wp-content\/uploads\/2019\/07\/Wymagania-edytorskie-dla-autor\u00f3w-1.pdf\" target=\"_blank\">Pobierz wymagania dla autor\u00f3w<\/a><\/p>\t\t\t\t\t\t\t\t<\/div>\n\t\t\t\t<\/div>\n\t\t\t\t\t<\/div>\n\t\t<\/div>\n\t\t\t\t\t<\/div>\n\t\t<\/section>\n\t\t\t\t<\/div>\n\t\t","protected":false},"excerpt":{"rendered":"<p>Zebranie cz\u0142onk\u00f3w Sekcji Socjologii Niepe\u0142nosprawno\u015bci PTS Informujemy, \u017ce 13.09.2019 o godzinie 15. 30 na Stadionie we Wroc\u0142awiu w ramach XVII Zjazdu PTS odb\u0119dzie si\u0119 zebranie czlonk\u00f3w Sekcji Socjologii Niepe\u0142nosprawno\u015bci PTS. Spotkanie potrwa do 16.30. Jego celem b\u0119dzie&nbsp;przedyskutowanie najwa\u017cniejszych kwestii zwi\u0105zany z funkcjonowaniem Sekcji oraz wsp\u00f3lnie&nbsp;wypracowanie jej planu dzia\u0142ania na najbli\u017csze&#8230;<\/p>\n","protected":false},"author":1,"featured_media":0,"parent":0,"menu_order":0,"comment_status":"closed","ping_status":"closed","template":"","meta":{"footnotes":""},"class_list":["post-16","page","type-page","status-publish","hentry"],"yoast_head":"<!-- This site is optimized with the Yoast SEO plugin v19.12 - https:\/\/yoast.com\/wordpress\/plugins\/seo\/ -->\n<title>Og\u0142oszenia - Sekcja PTS Socjologii Niepe\u0142nosprawno\u015bci<\/title>\n<meta name=\"robots\" content=\"index, follow, max-snippet:-1, max-image-preview:large, max-video-preview:-1\" \/>\n<link rel=\"canonical\" href=\"https:\/\/ssn-pts.pl\/?page_id=16\" \/>\n<meta property=\"og:locale\" content=\"pl_PL\" \/>\n<meta property=\"og:type\" content=\"article\" \/>\n<meta property=\"og:title\" content=\"Og\u0142oszenia - Sekcja PTS Socjologii Niepe\u0142nosprawno\u015bci\" \/>\n<meta property=\"og:description\" content=\"Zebranie cz\u0142onk\u00f3w Sekcji Socjologii Niepe\u0142nosprawno\u015bci PTS Informujemy, \u017ce 13.09.2019 o godzinie 15. 30 na Stadionie we Wroc\u0142awiu w ramach XVII Zjazdu PTS odb\u0119dzie si\u0119 zebranie czlonk\u00f3w Sekcji Socjologii Niepe\u0142nosprawno\u015bci PTS. Spotkanie potrwa do 16.30. Jego celem b\u0119dzie&nbsp;przedyskutowanie najwa\u017cniejszych kwestii zwi\u0105zany z funkcjonowaniem Sekcji oraz wsp\u00f3lnie&nbsp;wypracowanie jej planu dzia\u0142ania na najbli\u017csze...\" \/>\n<meta property=\"og:url\" content=\"https:\/\/ssn-pts.pl\/?page_id=16\" \/>\n<meta property=\"og:site_name\" content=\"Sekcja PTS Socjologii Niepe\u0142nosprawno\u015bci\" \/>\n<meta property=\"article:publisher\" content=\"https:\/\/www.facebook.com\/pg\/SSNPTS\" \/>\n<meta property=\"article:modified_time\" content=\"2020-12-10T19:05:55+00:00\" \/>\n<meta name=\"twitter:card\" content=\"summary_large_image\" \/>\n<meta name=\"twitter:label1\" content=\"Szacowany czas czytania\" \/>\n\t<meta name=\"twitter:data1\" content=\"2 minuty\" \/>\n<script type=\"application\/ld+json\" class=\"yoast-schema-graph\">{\"@context\":\"https:\/\/schema.org\",\"@graph\":[{\"@type\":[\"WebPage\",\"CollectionPage\"],\"@id\":\"https:\/\/ssn-pts.pl\/?page_id=16\",\"url\":\"https:\/\/ssn-pts.pl\/?page_id=16\",\"name\":\"Og\u0142oszenia - Sekcja PTS Socjologii Niepe\u0142nosprawno\u015bci\",\"isPartOf\":{\"@id\":\"http:\/\/ssn-pts.pl\/#website\"},\"datePublished\":\"2019-07-18T10:12:11+00:00\",\"dateModified\":\"2020-12-10T19:05:55+00:00\",\"breadcrumb\":{\"@id\":\"https:\/\/ssn-pts.pl\/?page_id=16#breadcrumb\"},\"inLanguage\":\"pl-PL\"},{\"@type\":\"BreadcrumbList\",\"@id\":\"https:\/\/ssn-pts.pl\/?page_id=16#breadcrumb\",\"itemListElement\":[{\"@type\":\"ListItem\",\"position\":1,\"name\":\"Strona g\u0142\u00f3wna\",\"item\":\"http:\/\/ssn-pts.pl\/\"},{\"@type\":\"ListItem\",\"position\":2,\"name\":\"Og\u0142oszenia\"}]},{\"@type\":\"WebSite\",\"@id\":\"http:\/\/ssn-pts.pl\/#website\",\"url\":\"http:\/\/ssn-pts.pl\/\",\"name\":\"Sekcja PTS Socjologia Niepe\u0142nosprawno\u015bci\",\"description\":\"\",\"publisher\":{\"@id\":\"http:\/\/ssn-pts.pl\/#organization\"},\"potentialAction\":[{\"@type\":\"SearchAction\",\"target\":{\"@type\":\"EntryPoint\",\"urlTemplate\":\"http:\/\/ssn-pts.pl\/?s={search_term_string}\"},\"query-input\":\"required name=search_term_string\"}],\"inLanguage\":\"pl-PL\"},{\"@type\":\"Organization\",\"@id\":\"http:\/\/ssn-pts.pl\/#organization\",\"name\":\"Sekcja PTS Socjologia Niepe\u0142nosprawno\u015bci\",\"url\":\"http:\/\/ssn-pts.pl\/\",\"logo\":{\"@type\":\"ImageObject\",\"inLanguage\":\"pl-PL\",\"@id\":\"http:\/\/ssn-pts.pl\/#\/schema\/logo\/image\/\",\"url\":\"http:\/\/socjologianiepelnosprawnosci.pl\/wp-content\/uploads\/2019\/07\/logo.png\",\"contentUrl\":\"http:\/\/socjologianiepelnosprawnosci.pl\/wp-content\/uploads\/2019\/07\/logo.png\",\"width\":872,\"height\":604,\"caption\":\"Sekcja PTS Socjologia Niepe\u0142nosprawno\u015bci\"},\"image\":{\"@id\":\"http:\/\/ssn-pts.pl\/#\/schema\/logo\/image\/\"},\"sameAs\":[\"https:\/\/www.facebook.com\/pg\/SSNPTS\"]}]}<\/script>\n<!-- \/ Yoast SEO plugin. -->","yoast_head_json":{"title":"Og\u0142oszenia - Sekcja PTS Socjologii Niepe\u0142nosprawno\u015bci","robots":{"index":"index","follow":"follow","max-snippet":"max-snippet:-1","max-image-preview":"max-image-preview:large","max-video-preview":"max-video-preview:-1"},"canonical":"https:\/\/ssn-pts.pl\/?page_id=16","og_locale":"pl_PL","og_type":"article","og_title":"Og\u0142oszenia - Sekcja PTS Socjologii Niepe\u0142nosprawno\u015bci","og_description":"Zebranie cz\u0142onk\u00f3w Sekcji Socjologii Niepe\u0142nosprawno\u015bci PTS Informujemy, \u017ce 13.09.2019 o godzinie 15. 30 na Stadionie we Wroc\u0142awiu w ramach XVII Zjazdu PTS odb\u0119dzie si\u0119 zebranie czlonk\u00f3w Sekcji Socjologii Niepe\u0142nosprawno\u015bci PTS. Spotkanie potrwa do 16.30. Jego celem b\u0119dzie&nbsp;przedyskutowanie najwa\u017cniejszych kwestii zwi\u0105zany z funkcjonowaniem Sekcji oraz wsp\u00f3lnie&nbsp;wypracowanie jej planu dzia\u0142ania na najbli\u017csze...","og_url":"https:\/\/ssn-pts.pl\/?page_id=16","og_site_name":"Sekcja PTS Socjologii Niepe\u0142nosprawno\u015bci","article_publisher":"https:\/\/www.facebook.com\/pg\/SSNPTS","article_modified_time":"2020-12-10T19:05:55+00:00","twitter_card":"summary_large_image","twitter_misc":{"Szacowany czas czytania":"2 minuty"},"schema":{"@context":"https:\/\/schema.org","@graph":[{"@type":["WebPage","CollectionPage"],"@id":"https:\/\/ssn-pts.pl\/?page_id=16","url":"https:\/\/ssn-pts.pl\/?page_id=16","name":"Og\u0142oszenia - Sekcja PTS Socjologii Niepe\u0142nosprawno\u015bci","isPartOf":{"@id":"http:\/\/ssn-pts.pl\/#website"},"datePublished":"2019-07-18T10:12:11+00:00","dateModified":"2020-12-10T19:05:55+00:00","breadcrumb":{"@id":"https:\/\/ssn-pts.pl\/?page_id=16#breadcrumb"},"inLanguage":"pl-PL"},{"@type":"BreadcrumbList","@id":"https:\/\/ssn-pts.pl\/?page_id=16#breadcrumb","itemListElement":[{"@type":"ListItem","position":1,"name":"Strona g\u0142\u00f3wna","item":"http:\/\/ssn-pts.pl\/"},{"@type":"ListItem","position":2,"name":"Og\u0142oszenia"}]},{"@type":"WebSite","@id":"http:\/\/ssn-pts.pl\/#website","url":"http:\/\/ssn-pts.pl\/","name":"Sekcja PTS Socjologia Niepe\u0142nosprawno\u015bci","description":"","publisher":{"@id":"http:\/\/ssn-pts.pl\/#organization"},"potentialAction":[{"@type":"SearchAction","target":{"@type":"EntryPoint","urlTemplate":"http:\/\/ssn-pts.pl\/?s={search_term_string}"},"query-input":"required name=search_term_string"}],"inLanguage":"pl-PL"},{"@type":"Organization","@id":"http:\/\/ssn-pts.pl\/#organization","name":"Sekcja PTS Socjologia Niepe\u0142nosprawno\u015bci","url":"http:\/\/ssn-pts.pl\/","logo":{"@type":"ImageObject","inLanguage":"pl-PL","@id":"http:\/\/ssn-pts.pl\/#\/schema\/logo\/image\/","url":"http:\/\/socjologianiepelnosprawnosci.pl\/wp-content\/uploads\/2019\/07\/logo.png","contentUrl":"http:\/\/socjologianiepelnosprawnosci.pl\/wp-content\/uploads\/2019\/07\/logo.png","width":872,"height":604,"caption":"Sekcja PTS Socjologia Niepe\u0142nosprawno\u015bci"},"image":{"@id":"http:\/\/ssn-pts.pl\/#\/schema\/logo\/image\/"},"sameAs":["https:\/\/www.facebook.com\/pg\/SSNPTS"]}]}},"_links":{"self":[{"href":"https:\/\/ssn-pts.pl\/index.php?rest_route=\/wp\/v2\/pages\/16"}],"collection":[{"href":"https:\/\/ssn-pts.pl\/index.php?rest_route=\/wp\/v2\/pages"}],"about":[{"href":"https:\/\/ssn-pts.pl\/index.php?rest_route=\/wp\/v2\/types\/page"}],"author":[{"embeddable":true,"href":"https:\/\/ssn-pts.pl\/index.php?rest_route=\/wp\/v2\/users\/1"}],"replies":[{"embeddable":true,"href":"https:\/\/ssn-pts.pl\/index.php?rest_route=%2Fwp%2Fv2%2Fcomments&post=16"}],"version-history":[{"count":33,"href":"https:\/\/ssn-pts.pl\/index.php?rest_route=\/wp\/v2\/pages\/16\/revisions"}],"predecessor-version":[{"id":717,"href":"https:\/\/ssn-pts.pl\/index.php?rest_route=\/wp\/v2\/pages\/16\/revisions\/717"}],"wp:attachment":[{"href":"https:\/\/ssn-pts.pl\/index.php?rest_route=%2Fwp%2Fv2%2Fmedia&parent=16"}],"curies":[{"name":"wp","href":"https:\/\/api.w.org\/{rel}","templated":true}]}}