{"id":1766,"date":"2020-06-02T16:26:28","date_gmt":"2020-06-02T14:26:28","guid":{"rendered":"http:\/\/home.agh.edu.pl\/~zuchowsk\/?page_id=1766"},"modified":"2021-01-05T09:31:38","modified_gmt":"2021-01-05T08:31:38","slug":"konkurs-fotograficzny","status":"publish","type":"page","link":"https:\/\/ssn-pts.pl\/?page_id=1766","title":{"rendered":"Konkurs fotograficzny"},"content":{"rendered":"\t\t<div data-elementor-type=\"wp-page\" data-elementor-id=\"1766\" class=\"elementor elementor-1766\">\n\t\t\t\t\t\t<section class=\"elementor-section elementor-top-section elementor-element elementor-element-1d18f72 elementor-section-full_width elementor-section-height-default elementor-section-height-default\" data-id=\"1d18f72\" data-element_type=\"section\" data-e-type=\"section\">\n\t\t\t\t\t\t<div class=\"elementor-container elementor-column-gap-default\">\n\t\t\t\t\t<div class=\"elementor-column elementor-col-100 elementor-top-column elementor-element elementor-element-e8e8e54\" data-id=\"e8e8e54\" data-element_type=\"column\" data-e-type=\"column\">\n\t\t\t<div class=\"elementor-widget-wrap elementor-element-populated\">\n\t\t\t\t\t\t<div class=\"elementor-element elementor-element-eab8f95 elementor-widget elementor-widget-text-editor\" data-id=\"eab8f95\" data-element_type=\"widget\" data-e-type=\"widget\" data-widget_type=\"text-editor.default\">\n\t\t\t\t<div class=\"elementor-widget-container\">\n\t\t\t\t\t\t\t\t\t<p>Konkurs ma charakter cykliczny, jest\u00a0 organizowany przez Zarz\u0105d Sekcji PTS, kt\u00f3ra wyznacza Jury konkursu oraz ustala jego terminarz.<\/p><p>Jego celem jest:<br \/>&#8211; promowanie tematyki zwi\u0105zanej z widoczno\u015bci\u0105 i obecno\u015bci\u0105 zjawiska z niepe\u0142nosprawno\u015bci\u0105 oraz os\u00f3b<br \/>z niepe\u0142nosprawno\u015bciami w \u017cyciu spo\u0142ecznym, a w szczeg\u00f3lno\u015bci wzmacniania zaanga\u017cowania spo\u0142ecznego<br \/>cz\u0142onk\u00f3w Sekcji Socjologii Niepe\u0142nosprawno\u015bci w tym obszarze,<br \/>&#8211; rozwijanie wra\u017cliwo\u015bci socjologicznej i artystycznej w odniesieniu do prezentowania niepe\u0142nosprawno\u015bci i<br \/>problem\u00f3w oraz aktywno\u015bci i \u017cycia codziennego os\u00f3b z niepe\u0142nosprawno\u015bci\u0105,<br \/>&#8211; prezentacja tw\u00f3rczo\u015bci cz\u0142onk\u00f3w i sympatyk\u00f3w PTS, w tym Sekcji Socjologii Niepe\u0142nosprawno\u015bci w dziedzinie<br \/>fotografii,<br \/>&#8211; stworzenie banku zdj\u0119\u0107 do wykorzystania w publikacjach wydawanych pod patronatem Sekcji PTS Socjologii<br \/>Niepe\u0142nosprawno\u015bci.<br \/><br \/><\/p>\t\t\t\t\t\t\t\t<\/div>\n\t\t\t\t<\/div>\n\t\t\t\t\t<\/div>\n\t\t<\/div>\n\t\t\t\t\t<\/div>\n\t\t<\/section>\n\t\t\t\t<\/div>\n\t\t","protected":false},"excerpt":{"rendered":"<p>Konkurs ma charakter cykliczny, jest&nbsp; organizowany przez Zarz\u0105d Sekcji PTS, kt\u00f3ra wyznacza Jury konkursu oraz ustala jego terminarz. Jego celem jest: &#8211; promowanie tematyki zwi\u0105zanej z widoczno\u015bci\u0105 i obecno\u015bci\u0105 zjawiska z niepe\u0142nosprawno\u015bci\u0105 oraz os\u00f3b z niepe\u0142nosprawno\u015bciami w \u017cyciu spo\u0142ecznym, a w szczeg\u00f3lno\u015bci wzmacniania zaanga\u017cowania spo\u0142ecznego cz\u0142onk\u00f3w Sekcji Socjologii Niepe\u0142nosprawno\u015bci w&#8230;<\/p>\n","protected":false},"author":1,"featured_media":0,"parent":0,"menu_order":0,"comment_status":"closed","ping_status":"closed","template":"","meta":{"footnotes":""},"class_list":["post-1766","page","type-page","status-publish","hentry"],"yoast_head":"<!-- This site is optimized with the Yoast SEO plugin v19.12 - https:\/\/yoast.com\/wordpress\/plugins\/seo\/ -->\n<title>Konkurs fotograficzny - Sekcja PTS Socjologii Niepe\u0142nosprawno\u015bci<\/title>\n<meta name=\"robots\" content=\"index, follow, max-snippet:-1, max-image-preview:large, max-video-preview:-1\" \/>\n<link rel=\"canonical\" href=\"https:\/\/ssn-pts.pl\/?page_id=1766\" \/>\n<meta property=\"og:locale\" content=\"pl_PL\" \/>\n<meta property=\"og:type\" content=\"article\" \/>\n<meta property=\"og:title\" content=\"Konkurs fotograficzny - Sekcja PTS Socjologii Niepe\u0142nosprawno\u015bci\" \/>\n<meta property=\"og:description\" content=\"Konkurs ma charakter cykliczny, jest&nbsp; organizowany przez Zarz\u0105d Sekcji PTS, kt\u00f3ra wyznacza Jury konkursu oraz ustala jego terminarz. Jego celem jest: &#8211; promowanie tematyki zwi\u0105zanej z widoczno\u015bci\u0105 i obecno\u015bci\u0105 zjawiska z niepe\u0142nosprawno\u015bci\u0105 oraz os\u00f3b z niepe\u0142nosprawno\u015bciami w \u017cyciu spo\u0142ecznym, a w szczeg\u00f3lno\u015bci wzmacniania zaanga\u017cowania spo\u0142ecznego cz\u0142onk\u00f3w Sekcji Socjologii Niepe\u0142nosprawno\u015bci w...\" \/>\n<meta property=\"og:url\" content=\"https:\/\/ssn-pts.pl\/?page_id=1766\" \/>\n<meta property=\"og:site_name\" content=\"Sekcja PTS Socjologii Niepe\u0142nosprawno\u015bci\" \/>\n<meta property=\"article:publisher\" content=\"https:\/\/www.facebook.com\/pg\/SSNPTS\" \/>\n<meta property=\"article:modified_time\" content=\"2021-01-05T08:31:38+00:00\" \/>\n<meta name=\"twitter:card\" content=\"summary_large_image\" \/>\n<meta name=\"twitter:label1\" content=\"Szacowany czas czytania\" \/>\n\t<meta name=\"twitter:data1\" content=\"1 minuta\" \/>\n<script type=\"application\/ld+json\" class=\"yoast-schema-graph\">{\"@context\":\"https:\/\/schema.org\",\"@graph\":[{\"@type\":\"WebPage\",\"@id\":\"https:\/\/ssn-pts.pl\/?page_id=1766\",\"url\":\"https:\/\/ssn-pts.pl\/?page_id=1766\",\"name\":\"Konkurs fotograficzny - Sekcja PTS Socjologii Niepe\u0142nosprawno\u015bci\",\"isPartOf\":{\"@id\":\"http:\/\/ssn-pts.pl\/#website\"},\"datePublished\":\"2020-06-02T14:26:28+00:00\",\"dateModified\":\"2021-01-05T08:31:38+00:00\",\"breadcrumb\":{\"@id\":\"https:\/\/ssn-pts.pl\/?page_id=1766#breadcrumb\"},\"inLanguage\":\"pl-PL\",\"potentialAction\":[{\"@type\":\"ReadAction\",\"target\":[\"https:\/\/ssn-pts.pl\/?page_id=1766\"]}]},{\"@type\":\"BreadcrumbList\",\"@id\":\"https:\/\/ssn-pts.pl\/?page_id=1766#breadcrumb\",\"itemListElement\":[{\"@type\":\"ListItem\",\"position\":1,\"name\":\"Strona g\u0142\u00f3wna\",\"item\":\"http:\/\/ssn-pts.pl\/\"},{\"@type\":\"ListItem\",\"position\":2,\"name\":\"Konkurs fotograficzny\"}]},{\"@type\":\"WebSite\",\"@id\":\"http:\/\/ssn-pts.pl\/#website\",\"url\":\"http:\/\/ssn-pts.pl\/\",\"name\":\"Sekcja PTS Socjologia Niepe\u0142nosprawno\u015bci\",\"description\":\"\",\"publisher\":{\"@id\":\"http:\/\/ssn-pts.pl\/#organization\"},\"potentialAction\":[{\"@type\":\"SearchAction\",\"target\":{\"@type\":\"EntryPoint\",\"urlTemplate\":\"http:\/\/ssn-pts.pl\/?s={search_term_string}\"},\"query-input\":\"required name=search_term_string\"}],\"inLanguage\":\"pl-PL\"},{\"@type\":\"Organization\",\"@id\":\"http:\/\/ssn-pts.pl\/#organization\",\"name\":\"Sekcja PTS Socjologia Niepe\u0142nosprawno\u015bci\",\"url\":\"http:\/\/ssn-pts.pl\/\",\"logo\":{\"@type\":\"ImageObject\",\"inLanguage\":\"pl-PL\",\"@id\":\"http:\/\/ssn-pts.pl\/#\/schema\/logo\/image\/\",\"url\":\"http:\/\/socjologianiepelnosprawnosci.pl\/wp-content\/uploads\/2019\/07\/logo.png\",\"contentUrl\":\"http:\/\/socjologianiepelnosprawnosci.pl\/wp-content\/uploads\/2019\/07\/logo.png\",\"width\":872,\"height\":604,\"caption\":\"Sekcja PTS Socjologia Niepe\u0142nosprawno\u015bci\"},\"image\":{\"@id\":\"http:\/\/ssn-pts.pl\/#\/schema\/logo\/image\/\"},\"sameAs\":[\"https:\/\/www.facebook.com\/pg\/SSNPTS\"]}]}<\/script>\n<!-- \/ Yoast SEO plugin. -->","yoast_head_json":{"title":"Konkurs fotograficzny - Sekcja PTS Socjologii Niepe\u0142nosprawno\u015bci","robots":{"index":"index","follow":"follow","max-snippet":"max-snippet:-1","max-image-preview":"max-image-preview:large","max-video-preview":"max-video-preview:-1"},"canonical":"https:\/\/ssn-pts.pl\/?page_id=1766","og_locale":"pl_PL","og_type":"article","og_title":"Konkurs fotograficzny - Sekcja PTS Socjologii Niepe\u0142nosprawno\u015bci","og_description":"Konkurs ma charakter cykliczny, jest&nbsp; organizowany przez Zarz\u0105d Sekcji PTS, kt\u00f3ra wyznacza Jury konkursu oraz ustala jego terminarz. Jego celem jest: &#8211; promowanie tematyki zwi\u0105zanej z widoczno\u015bci\u0105 i obecno\u015bci\u0105 zjawiska z niepe\u0142nosprawno\u015bci\u0105 oraz os\u00f3b z niepe\u0142nosprawno\u015bciami w \u017cyciu spo\u0142ecznym, a w szczeg\u00f3lno\u015bci wzmacniania zaanga\u017cowania spo\u0142ecznego cz\u0142onk\u00f3w Sekcji Socjologii Niepe\u0142nosprawno\u015bci w...","og_url":"https:\/\/ssn-pts.pl\/?page_id=1766","og_site_name":"Sekcja PTS Socjologii Niepe\u0142nosprawno\u015bci","article_publisher":"https:\/\/www.facebook.com\/pg\/SSNPTS","article_modified_time":"2021-01-05T08:31:38+00:00","twitter_card":"summary_large_image","twitter_misc":{"Szacowany czas czytania":"1 minuta"},"schema":{"@context":"https:\/\/schema.org","@graph":[{"@type":"WebPage","@id":"https:\/\/ssn-pts.pl\/?page_id=1766","url":"https:\/\/ssn-pts.pl\/?page_id=1766","name":"Konkurs fotograficzny - Sekcja PTS Socjologii Niepe\u0142nosprawno\u015bci","isPartOf":{"@id":"http:\/\/ssn-pts.pl\/#website"},"datePublished":"2020-06-02T14:26:28+00:00","dateModified":"2021-01-05T08:31:38+00:00","breadcrumb":{"@id":"https:\/\/ssn-pts.pl\/?page_id=1766#breadcrumb"},"inLanguage":"pl-PL","potentialAction":[{"@type":"ReadAction","target":["https:\/\/ssn-pts.pl\/?page_id=1766"]}]},{"@type":"BreadcrumbList","@id":"https:\/\/ssn-pts.pl\/?page_id=1766#breadcrumb","itemListElement":[{"@type":"ListItem","position":1,"name":"Strona g\u0142\u00f3wna","item":"http:\/\/ssn-pts.pl\/"},{"@type":"ListItem","position":2,"name":"Konkurs fotograficzny"}]},{"@type":"WebSite","@id":"http:\/\/ssn-pts.pl\/#website","url":"http:\/\/ssn-pts.pl\/","name":"Sekcja PTS Socjologia Niepe\u0142nosprawno\u015bci","description":"","publisher":{"@id":"http:\/\/ssn-pts.pl\/#organization"},"potentialAction":[{"@type":"SearchAction","target":{"@type":"EntryPoint","urlTemplate":"http:\/\/ssn-pts.pl\/?s={search_term_string}"},"query-input":"required name=search_term_string"}],"inLanguage":"pl-PL"},{"@type":"Organization","@id":"http:\/\/ssn-pts.pl\/#organization","name":"Sekcja PTS Socjologia Niepe\u0142nosprawno\u015bci","url":"http:\/\/ssn-pts.pl\/","logo":{"@type":"ImageObject","inLanguage":"pl-PL","@id":"http:\/\/ssn-pts.pl\/#\/schema\/logo\/image\/","url":"http:\/\/socjologianiepelnosprawnosci.pl\/wp-content\/uploads\/2019\/07\/logo.png","contentUrl":"http:\/\/socjologianiepelnosprawnosci.pl\/wp-content\/uploads\/2019\/07\/logo.png","width":872,"height":604,"caption":"Sekcja PTS Socjologia Niepe\u0142nosprawno\u015bci"},"image":{"@id":"http:\/\/ssn-pts.pl\/#\/schema\/logo\/image\/"},"sameAs":["https:\/\/www.facebook.com\/pg\/SSNPTS"]}]}},"_links":{"self":[{"href":"https:\/\/ssn-pts.pl\/index.php?rest_route=\/wp\/v2\/pages\/1766"}],"collection":[{"href":"https:\/\/ssn-pts.pl\/index.php?rest_route=\/wp\/v2\/pages"}],"about":[{"href":"https:\/\/ssn-pts.pl\/index.php?rest_route=\/wp\/v2\/types\/page"}],"author":[{"embeddable":true,"href":"https:\/\/ssn-pts.pl\/index.php?rest_route=\/wp\/v2\/users\/1"}],"replies":[{"embeddable":true,"href":"https:\/\/ssn-pts.pl\/index.php?rest_route=%2Fwp%2Fv2%2Fcomments&post=1766"}],"version-history":[{"count":9,"href":"https:\/\/ssn-pts.pl\/index.php?rest_route=\/wp\/v2\/pages\/1766\/revisions"}],"predecessor-version":[{"id":2141,"href":"https:\/\/ssn-pts.pl\/index.php?rest_route=\/wp\/v2\/pages\/1766\/revisions\/2141"}],"wp:attachment":[{"href":"https:\/\/ssn-pts.pl\/index.php?rest_route=%2Fwp%2Fv2%2Fmedia&parent=1766"}],"curies":[{"name":"wp","href":"https:\/\/api.w.org\/{rel}","templated":true}]}}