{"id":1888,"date":"2020-11-03T14:19:11","date_gmt":"2020-11-03T13:19:11","guid":{"rendered":"http:\/\/socjologianiepelnosprawnosci.pl\/?page_id=1888"},"modified":"2024-06-14T10:45:20","modified_gmt":"2024-06-14T08:45:20","slug":"edycja-i-2019-2020","status":"publish","type":"page","link":"https:\/\/ssn-pts.pl\/?page_id=1888","title":{"rendered":"Wyniki Konkursu na Najlepsz\u0105 Prac\u0119 Magistersk\u0105 i Licencjack\u0105 z Zakresu Socjologii Niepe\u0142nosprawno\u015bci"},"content":{"rendered":"\t\t<div data-elementor-type=\"wp-page\" data-elementor-id=\"1888\" class=\"elementor elementor-1888\">\n\t\t\t\t\t\t<section class=\"elementor-section elementor-top-section elementor-element elementor-element-45276d3 elementor-section-boxed elementor-section-height-default elementor-section-height-default\" data-id=\"45276d3\" data-element_type=\"section\" data-e-type=\"section\">\n\t\t\t\t\t\t<div class=\"elementor-container elementor-column-gap-default\">\n\t\t\t\t\t<div class=\"elementor-column elementor-col-100 elementor-top-column elementor-element elementor-element-e4e23b4\" data-id=\"e4e23b4\" data-element_type=\"column\" data-e-type=\"column\">\n\t\t\t<div class=\"elementor-widget-wrap elementor-element-populated\">\n\t\t\t\t\t\t<div class=\"elementor-element elementor-element-585af1b elementor-widget elementor-widget-heading\" data-id=\"585af1b\" data-element_type=\"widget\" data-e-type=\"widget\" data-widget_type=\"heading.default\">\n\t\t\t\t<div class=\"elementor-widget-container\">\n\t\t\t\t\t<h2 class=\"elementor-heading-title elementor-size-default\">Edycja IV 2022\/2023<\/h2>\t\t\t\t<\/div>\n\t\t\t\t<\/div>\n\t\t\t\t\t<\/div>\n\t\t<\/div>\n\t\t\t\t\t<\/div>\n\t\t<\/section>\n\t\t\t\t<section class=\"elementor-section elementor-top-section elementor-element elementor-element-c8f467e elementor-section-boxed elementor-section-height-default elementor-section-height-default\" data-id=\"c8f467e\" data-element_type=\"section\" data-e-type=\"section\">\n\t\t\t\t\t\t<div class=\"elementor-container elementor-column-gap-default\">\n\t\t\t\t\t<div class=\"elementor-column elementor-col-100 elementor-top-column elementor-element elementor-element-214c9f6\" data-id=\"214c9f6\" data-element_type=\"column\" data-e-type=\"column\">\n\t\t\t<div class=\"elementor-widget-wrap elementor-element-populated\">\n\t\t\t\t\t\t<div class=\"elementor-element elementor-element-af8a7da elementor-widget elementor-widget-text-editor\" data-id=\"af8a7da\" data-element_type=\"widget\" data-e-type=\"widget\" data-widget_type=\"text-editor.default\">\n\t\t\t\t<div class=\"elementor-widget-container\">\n\t\t\t\t\t\t\t\t\t<p>Z przyjemno\u015bci\u0105 og\u0142aszamy wyniki IV Edycji Konkursu na Najlepsz\u0105 Prac\u0119 Licencjack\u0105 i Magistersk\u0105 z Obszaru Socjologii Niepe\u0142nosprawno\u015bci. Decyzj\u0105 Jury nagrodzono dwie prace i wyr\u00f3\u017cniono te\u017c dwie prace.<\/p><p>Oto laureaci i wyr\u00f3\u017cnieni:<\/p>\n<p><strong>Prace licencjackie:<\/strong><\/p>\n<ul>\n<li>\n<p><strong>Pierwsze miejsce:<\/strong> Paulina Weso\u0142owska,&nbsp;<em>Wizerunek paraolimpijczyk\u00f3w w polskich mediach na przyk\u0142adzie Przegl\u0105du Sportowego<\/em><\/p>\n<\/li>\n<li>\n<p><strong>Wyr\u00f3\u017cnienie:<\/strong> Marta Z\u0119balska,&nbsp;<em>Rozwi\u0105zanie cyfrowe u\u0142atwiaj\u0105ce tworzenie nawyk\u00f3w osobom z Zespo\u0142em nadpobudliwo\u015bci psychoruchowej z deficytem uwagi (ADHD)<\/em><\/p>\n<\/li>\n<\/ul>\n<p><strong>Prace magisterskie:<\/strong><\/p>\n<ul>\n<li>\n<p><strong>Pierwsze miejsce:<\/strong> Kinga Bartkowiak,&nbsp;<em>Jak poprawi\u0107 u\u017cyteczno\u015b\u0107 stron i aplikacji dla os\u00f3b niewidomych? User experience case study planowania wyjazdu wypoczynkowego online<\/em><\/p>\n<\/li>\n<li>\n<p><strong>Wyr\u00f3\u017cnienie:<\/strong> Wiktoria Radecka,&nbsp;<em>Motywacje, aspiracje i bariery w procesie edukacji uczni\u00f3w z niepe\u0142nosprawno\u015bci\u0105<\/em><\/p>\n<\/li>\n<\/ul>\n<p>Serdecznie gratulujemy wszystkim uczestnikom konkursu!&nbsp;<\/p>\n<p><\/p>\t\t\t\t\t\t\t\t<\/div>\n\t\t\t\t<\/div>\n\t\t\t\t\t<\/div>\n\t\t<\/div>\n\t\t\t\t\t<\/div>\n\t\t<\/section>\n\t\t\t\t<section class=\"elementor-section elementor-top-section elementor-element elementor-element-0adcace elementor-section-boxed elementor-section-height-default elementor-section-height-default\" data-id=\"0adcace\" data-element_type=\"section\" data-e-type=\"section\">\n\t\t\t\t\t\t<div class=\"elementor-container elementor-column-gap-default\">\n\t\t\t\t\t<div class=\"elementor-column elementor-col-100 elementor-top-column elementor-element elementor-element-7a70fd4\" data-id=\"7a70fd4\" data-element_type=\"column\" data-e-type=\"column\">\n\t\t\t<div class=\"elementor-widget-wrap elementor-element-populated\">\n\t\t\t\t\t\t<div class=\"elementor-element elementor-element-3a54842 elementor-widget elementor-widget-heading\" data-id=\"3a54842\" data-element_type=\"widget\" data-e-type=\"widget\" data-widget_type=\"heading.default\">\n\t\t\t\t<div class=\"elementor-widget-container\">\n\t\t\t\t\t<h2 class=\"elementor-heading-title elementor-size-default\">Edycja III 2021\/2022<\/h2>\t\t\t\t<\/div>\n\t\t\t\t<\/div>\n\t\t\t\t\t<\/div>\n\t\t<\/div>\n\t\t\t\t\t<\/div>\n\t\t<\/section>\n\t\t\t\t<section class=\"elementor-section elementor-top-section elementor-element elementor-element-c55a928 elementor-section-boxed elementor-section-height-default elementor-section-height-default\" data-id=\"c55a928\" data-element_type=\"section\" data-e-type=\"section\">\n\t\t\t\t\t\t<div class=\"elementor-container elementor-column-gap-default\">\n\t\t\t\t\t<div class=\"elementor-column elementor-col-100 elementor-top-column elementor-element elementor-element-cec3036\" data-id=\"cec3036\" data-element_type=\"column\" data-e-type=\"column\">\n\t\t\t<div class=\"elementor-widget-wrap elementor-element-populated\">\n\t\t\t\t\t\t<div class=\"elementor-element elementor-element-f732a34 elementor-widget elementor-widget-text-editor\" data-id=\"f732a34\" data-element_type=\"widget\" data-e-type=\"widget\" data-widget_type=\"text-editor.default\">\n\t\t\t\t<div class=\"elementor-widget-container\">\n\t\t\t\t\t\t\t\t\t<div class=\"\" data-block=\"true\" data-editor=\"8pvjd\" data-offset-key=\"35hjr-0-0\"><div class=\"_1mf _1mj\" data-offset-key=\"35hjr-0-0\"><span data-offset-key=\"35hjr-0-0\">Konkurs na Najlepsz\u0105 Prac\u0119 Licencjack\u0105 i Magistersk\u0105 z Obszaru Socjologii Niepe\u0142nosprawno\u015bci zosta\u0142 roztrzygni\u0119ty!<\/span><\/div><\/div><div class=\"\" data-block=\"true\" data-editor=\"8pvjd\" data-offset-key=\"15js5-0-0\"><div class=\"_1mf _1mj\" data-offset-key=\"15js5-0-0\"><span data-offset-key=\"15js5-0-0\">Decyzj\u0105 Jury pierwsze miejsce w kategorii praca magisterska zaj\u0119\u0142a Pani <b>Sylwia Butkiewicz, kt\u00f3ra przygotowa\u0142a prac\u0119, pt. &#8222;Analiza dzia\u0142a\u0144 wspieraj\u0105cych student\u00f3w z niepe\u0142nosprawno\u015bciami na polskich uczelniach wy\u017cszych&#8221;.<\/b><\/span><\/div><\/div><div class=\"\" data-block=\"true\" data-editor=\"8pvjd\" data-offset-key=\"86jiv-0-0\"><div class=\"_1mf _1mj\" data-offset-key=\"86jiv-0-0\" data-auto-logging-id=\"f23f0d746a7d334\"><span data-offset-key=\"86jiv-0-0\">Wyr\u00f3\u017cnienie w kategorii licencjackich otrzyma\u0142a Pani <b>Katarzyna Warmons, za prac\u0119 zatytu\u0142owan\u0105 &#8222;Projektowanie uniwersalne jako metoda przeciwdzia\u0142ania wykluczeniu spo\u0142ecznemu os\u00f3b z dysfunkcj\u0105 wzroku&#8221;.<\/b><\/span><\/div><\/div><div class=\"\" data-block=\"true\" data-editor=\"8pvjd\" data-offset-key=\"7e6eq-0-0\"><div class=\"_1mf _1mj\" data-offset-key=\"7e6eq-0-0\"><span data-offset-key=\"7e6eq-0-0\">Gratulujemy!<\/span><\/div><\/div>\t\t\t\t\t\t\t\t<\/div>\n\t\t\t\t<\/div>\n\t\t\t\t\t<\/div>\n\t\t<\/div>\n\t\t\t\t\t<\/div>\n\t\t<\/section>\n\t\t\t\t<section class=\"elementor-section elementor-top-section elementor-element elementor-element-b75156a elementor-section-boxed elementor-section-height-default elementor-section-height-default\" data-id=\"b75156a\" data-element_type=\"section\" data-e-type=\"section\">\n\t\t\t\t\t\t<div class=\"elementor-container elementor-column-gap-default\">\n\t\t\t\t\t<div class=\"elementor-column elementor-col-100 elementor-top-column elementor-element elementor-element-4498363\" data-id=\"4498363\" data-element_type=\"column\" data-e-type=\"column\">\n\t\t\t<div class=\"elementor-widget-wrap elementor-element-populated\">\n\t\t\t\t\t\t<div class=\"elementor-element elementor-element-62e6ac2 elementor-widget elementor-widget-heading\" data-id=\"62e6ac2\" data-element_type=\"widget\" data-e-type=\"widget\" data-widget_type=\"heading.default\">\n\t\t\t\t<div class=\"elementor-widget-container\">\n\t\t\t\t\t<h2 class=\"elementor-heading-title elementor-size-default\">Edycja II 2020\/2021<\/h2>\t\t\t\t<\/div>\n\t\t\t\t<\/div>\n\t\t\t\t\t<\/div>\n\t\t<\/div>\n\t\t\t\t\t<\/div>\n\t\t<\/section>\n\t\t\t\t<section class=\"elementor-section elementor-top-section elementor-element elementor-element-335004c elementor-section-boxed elementor-section-height-default elementor-section-height-default\" data-id=\"335004c\" data-element_type=\"section\" data-e-type=\"section\">\n\t\t\t\t\t\t<div class=\"elementor-container elementor-column-gap-default\">\n\t\t\t\t\t<div class=\"elementor-column elementor-col-100 elementor-top-column elementor-element elementor-element-e8a26f7\" data-id=\"e8a26f7\" data-element_type=\"column\" data-e-type=\"column\">\n\t\t\t<div class=\"elementor-widget-wrap elementor-element-populated\">\n\t\t\t\t\t\t<div class=\"elementor-element elementor-element-b15b534 elementor-widget elementor-widget-text-editor\" data-id=\"b15b534\" data-element_type=\"widget\" data-e-type=\"widget\" data-widget_type=\"text-editor.default\">\n\t\t\t\t<div class=\"elementor-widget-container\">\n\t\t\t\t\t\t\t\t\t<p>Jury Konkursu zdecydowa\u0142o si\u0119 nie przyznawa\u0107 nagrody ani wyr\u00f3\u017cnienia w kategorii prac licencjackich.<\/p><p>Decyzj\u0105 Jury nagrod\u0119 w kategorii prac magisterskich otrzyma\u0142a praca, pt. <strong>&#8222;Cyber Diabetycy &#8211; analiza wirtualnych grup wsparcia dla os\u00f3b z<\/strong> <strong>cukrzyc\u0105 typu 1&#8243; autorstwa Katarzyny W\u0105tur.<\/strong> Obroniona na Uniwersytecie Warszawskim. Promotork\u0105 pracy by\u0142a Pani Doktor Agata Komendant-Brodowska.<\/p>\t\t\t\t\t\t\t\t<\/div>\n\t\t\t\t<\/div>\n\t\t\t\t\t<\/div>\n\t\t<\/div>\n\t\t\t\t\t<\/div>\n\t\t<\/section>\n\t\t\t\t<section class=\"elementor-section elementor-top-section elementor-element elementor-element-90e2fa7 elementor-section-boxed elementor-section-height-default elementor-section-height-default\" data-id=\"90e2fa7\" data-element_type=\"section\" data-e-type=\"section\">\n\t\t\t\t\t\t<div class=\"elementor-container elementor-column-gap-default\">\n\t\t\t\t\t<div class=\"elementor-column elementor-col-100 elementor-top-column elementor-element elementor-element-a48cc93\" data-id=\"a48cc93\" data-element_type=\"column\" data-e-type=\"column\">\n\t\t\t<div class=\"elementor-widget-wrap elementor-element-populated\">\n\t\t\t\t\t\t<div class=\"elementor-element elementor-element-ba4f891 elementor-widget elementor-widget-heading\" data-id=\"ba4f891\" data-element_type=\"widget\" data-e-type=\"widget\" data-widget_type=\"heading.default\">\n\t\t\t\t<div class=\"elementor-widget-container\">\n\t\t\t\t\t<h2 class=\"elementor-heading-title elementor-size-default\">Edycja I 2019\/2020<\/h2>\t\t\t\t<\/div>\n\t\t\t\t<\/div>\n\t\t\t\t\t<\/div>\n\t\t<\/div>\n\t\t\t\t\t<\/div>\n\t\t<\/section>\n\t\t\t\t<section class=\"elementor-section elementor-top-section elementor-element elementor-element-59faa28 elementor-section-boxed elementor-section-height-default elementor-section-height-default\" data-id=\"59faa28\" data-element_type=\"section\" data-e-type=\"section\">\n\t\t\t\t\t\t<div class=\"elementor-container elementor-column-gap-default\">\n\t\t\t\t\t<div class=\"elementor-column elementor-col-100 elementor-top-column elementor-element elementor-element-ed28d41\" data-id=\"ed28d41\" data-element_type=\"column\" data-e-type=\"column\">\n\t\t\t<div class=\"elementor-widget-wrap elementor-element-populated\">\n\t\t\t\t\t\t<div class=\"elementor-element elementor-element-675165a elementor-widget elementor-widget-text-editor\" data-id=\"675165a\" data-element_type=\"widget\" data-e-type=\"widget\" data-widget_type=\"text-editor.default\">\n\t\t\t\t<div class=\"elementor-widget-container\">\n\t\t\t\t\t\t\t\t\t<p>Jury Konkursu zdecydowa\u0142o si\u0119 nie przyznawa\u0107 nagrody g\u0142\u00f3wnej ani wyr\u00f3\u017cnienia w kategorii prac magisterskich.<\/p><p>Decyzj\u0105 Jury wyr\u00f3\u017cnienie w kategorii prac licencjackich otrzyma\u0142a <b>Pani Karolina Machnik za prac\u0119 pt. &#8221; Moodpal &#8211; projekt aplikacji monitoruj\u0105cej nastr\u00f3j dla os\u00f3b chorych na depresj\u0119 oraz do\u015bwiadczaj\u0105cych stan\u00f3w obni\u017conego nastroju&#8221;.\u00a0<\/b>Obroniona na Akademii G\u00f3rniczo-Hutniczej w Krakowie. Promotork\u0105 pracy by\u0142a dr Maria Stojkow.<\/p><p>\u00a0<\/p>\t\t\t\t\t\t\t\t<\/div>\n\t\t\t\t<\/div>\n\t\t\t\t\t<\/div>\n\t\t<\/div>\n\t\t\t\t\t<\/div>\n\t\t<\/section>\n\t\t\t\t<\/div>\n\t\t","protected":false},"excerpt":{"rendered":"<p>Edycja IV 2022\/2023 Z przyjemno\u015bci\u0105 og\u0142aszamy wyniki IV Edycji Konkursu na Najlepsz\u0105 Prac\u0119 Licencjack\u0105 i Magistersk\u0105 z Obszaru Socjologii Niepe\u0142nosprawno\u015bci. Decyzj\u0105 Jury nagrodzono dwie prace i wyr\u00f3\u017cniono te\u017c dwie prace. Oto laureaci i wyr\u00f3\u017cnieni: Prace licencjackie: Pierwsze miejsce: Paulina Weso\u0142owska,&nbsp;Wizerunek paraolimpijczyk\u00f3w w polskich mediach na przyk\u0142adzie Przegl\u0105du Sportowego Wyr\u00f3\u017cnienie: Marta&#8230;<\/p>\n","protected":false},"author":1,"featured_media":0,"parent":0,"menu_order":0,"comment_status":"closed","ping_status":"closed","template":"","meta":{"footnotes":""},"class_list":["post-1888","page","type-page","status-publish","hentry"],"yoast_head":"<!-- This site is optimized with the Yoast SEO plugin v19.12 - https:\/\/yoast.com\/wordpress\/plugins\/seo\/ -->\n<title>Wyniki Konkursu na Najlepsz\u0105 Prac\u0119 Magistersk\u0105 i Licencjack\u0105 z Zakresu Socjologii Niepe\u0142nosprawno\u015bci - Sekcja PTS Socjologii Niepe\u0142nosprawno\u015bci<\/title>\n<meta name=\"robots\" content=\"index, follow, max-snippet:-1, max-image-preview:large, max-video-preview:-1\" \/>\n<link rel=\"canonical\" href=\"http:\/\/ssn-pts.pl\/?page_id=1888\" \/>\n<meta property=\"og:locale\" content=\"pl_PL\" \/>\n<meta property=\"og:type\" content=\"article\" \/>\n<meta property=\"og:title\" content=\"Wyniki Konkursu na Najlepsz\u0105 Prac\u0119 Magistersk\u0105 i Licencjack\u0105 z Zakresu Socjologii Niepe\u0142nosprawno\u015bci - Sekcja PTS Socjologii Niepe\u0142nosprawno\u015bci\" \/>\n<meta property=\"og:description\" content=\"Edycja IV 2022\/2023 Z przyjemno\u015bci\u0105 og\u0142aszamy wyniki IV Edycji Konkursu na Najlepsz\u0105 Prac\u0119 Licencjack\u0105 i Magistersk\u0105 z Obszaru Socjologii Niepe\u0142nosprawno\u015bci. Decyzj\u0105 Jury nagrodzono dwie prace i wyr\u00f3\u017cniono te\u017c dwie prace. Oto laureaci i wyr\u00f3\u017cnieni: Prace licencjackie: Pierwsze miejsce: Paulina Weso\u0142owska,&nbsp;Wizerunek paraolimpijczyk\u00f3w w polskich mediach na przyk\u0142adzie Przegl\u0105du Sportowego Wyr\u00f3\u017cnienie: Marta...\" \/>\n<meta property=\"og:url\" content=\"http:\/\/ssn-pts.pl\/?page_id=1888\" \/>\n<meta property=\"og:site_name\" content=\"Sekcja PTS Socjologii Niepe\u0142nosprawno\u015bci\" \/>\n<meta property=\"article:publisher\" content=\"https:\/\/www.facebook.com\/pg\/SSNPTS\" \/>\n<meta property=\"article:modified_time\" content=\"2024-06-14T08:45:20+00:00\" \/>\n<meta name=\"twitter:card\" content=\"summary_large_image\" \/>\n<meta name=\"twitter:label1\" content=\"Szacowany czas czytania\" \/>\n\t<meta name=\"twitter:data1\" content=\"1 minuta\" \/>\n<script type=\"application\/ld+json\" class=\"yoast-schema-graph\">{\"@context\":\"https:\/\/schema.org\",\"@graph\":[{\"@type\":\"WebPage\",\"@id\":\"http:\/\/ssn-pts.pl\/?page_id=1888\",\"url\":\"http:\/\/ssn-pts.pl\/?page_id=1888\",\"name\":\"Wyniki Konkursu na Najlepsz\u0105 Prac\u0119 Magistersk\u0105 i Licencjack\u0105 z Zakresu Socjologii Niepe\u0142nosprawno\u015bci - Sekcja PTS Socjologii Niepe\u0142nosprawno\u015bci\",\"isPartOf\":{\"@id\":\"http:\/\/ssn-pts.pl\/#website\"},\"datePublished\":\"2020-11-03T13:19:11+00:00\",\"dateModified\":\"2024-06-14T08:45:20+00:00\",\"breadcrumb\":{\"@id\":\"http:\/\/ssn-pts.pl\/?page_id=1888#breadcrumb\"},\"inLanguage\":\"pl-PL\",\"potentialAction\":[{\"@type\":\"ReadAction\",\"target\":[\"http:\/\/ssn-pts.pl\/?page_id=1888\"]}]},{\"@type\":\"BreadcrumbList\",\"@id\":\"http:\/\/ssn-pts.pl\/?page_id=1888#breadcrumb\",\"itemListElement\":[{\"@type\":\"ListItem\",\"position\":1,\"name\":\"Strona g\u0142\u00f3wna\",\"item\":\"http:\/\/ssn-pts.pl\/\"},{\"@type\":\"ListItem\",\"position\":2,\"name\":\"Wyniki Konkursu na Najlepsz\u0105 Prac\u0119 Magistersk\u0105 i Licencjack\u0105 z Zakresu Socjologii Niepe\u0142nosprawno\u015bci\"}]},{\"@type\":\"WebSite\",\"@id\":\"http:\/\/ssn-pts.pl\/#website\",\"url\":\"http:\/\/ssn-pts.pl\/\",\"name\":\"Sekcja PTS Socjologia Niepe\u0142nosprawno\u015bci\",\"description\":\"\",\"publisher\":{\"@id\":\"http:\/\/ssn-pts.pl\/#organization\"},\"potentialAction\":[{\"@type\":\"SearchAction\",\"target\":{\"@type\":\"EntryPoint\",\"urlTemplate\":\"http:\/\/ssn-pts.pl\/?s={search_term_string}\"},\"query-input\":\"required name=search_term_string\"}],\"inLanguage\":\"pl-PL\"},{\"@type\":\"Organization\",\"@id\":\"http:\/\/ssn-pts.pl\/#organization\",\"name\":\"Sekcja PTS Socjologia Niepe\u0142nosprawno\u015bci\",\"url\":\"http:\/\/ssn-pts.pl\/\",\"logo\":{\"@type\":\"ImageObject\",\"inLanguage\":\"pl-PL\",\"@id\":\"http:\/\/ssn-pts.pl\/#\/schema\/logo\/image\/\",\"url\":\"http:\/\/socjologianiepelnosprawnosci.pl\/wp-content\/uploads\/2019\/07\/logo.png\",\"contentUrl\":\"http:\/\/socjologianiepelnosprawnosci.pl\/wp-content\/uploads\/2019\/07\/logo.png\",\"width\":872,\"height\":604,\"caption\":\"Sekcja PTS Socjologia Niepe\u0142nosprawno\u015bci\"},\"image\":{\"@id\":\"http:\/\/ssn-pts.pl\/#\/schema\/logo\/image\/\"},\"sameAs\":[\"https:\/\/www.facebook.com\/pg\/SSNPTS\"]}]}<\/script>\n<!-- \/ Yoast SEO plugin. -->","yoast_head_json":{"title":"Wyniki Konkursu na Najlepsz\u0105 Prac\u0119 Magistersk\u0105 i Licencjack\u0105 z Zakresu Socjologii Niepe\u0142nosprawno\u015bci - Sekcja PTS Socjologii Niepe\u0142nosprawno\u015bci","robots":{"index":"index","follow":"follow","max-snippet":"max-snippet:-1","max-image-preview":"max-image-preview:large","max-video-preview":"max-video-preview:-1"},"canonical":"http:\/\/ssn-pts.pl\/?page_id=1888","og_locale":"pl_PL","og_type":"article","og_title":"Wyniki Konkursu na Najlepsz\u0105 Prac\u0119 Magistersk\u0105 i Licencjack\u0105 z Zakresu Socjologii Niepe\u0142nosprawno\u015bci - Sekcja PTS Socjologii Niepe\u0142nosprawno\u015bci","og_description":"Edycja IV 2022\/2023 Z przyjemno\u015bci\u0105 og\u0142aszamy wyniki IV Edycji Konkursu na Najlepsz\u0105 Prac\u0119 Licencjack\u0105 i Magistersk\u0105 z Obszaru Socjologii Niepe\u0142nosprawno\u015bci. Decyzj\u0105 Jury nagrodzono dwie prace i wyr\u00f3\u017cniono te\u017c dwie prace. Oto laureaci i wyr\u00f3\u017cnieni: Prace licencjackie: Pierwsze miejsce: Paulina Weso\u0142owska,&nbsp;Wizerunek paraolimpijczyk\u00f3w w polskich mediach na przyk\u0142adzie Przegl\u0105du Sportowego Wyr\u00f3\u017cnienie: Marta...","og_url":"http:\/\/ssn-pts.pl\/?page_id=1888","og_site_name":"Sekcja PTS Socjologii Niepe\u0142nosprawno\u015bci","article_publisher":"https:\/\/www.facebook.com\/pg\/SSNPTS","article_modified_time":"2024-06-14T08:45:20+00:00","twitter_card":"summary_large_image","twitter_misc":{"Szacowany czas czytania":"1 minuta"},"schema":{"@context":"https:\/\/schema.org","@graph":[{"@type":"WebPage","@id":"http:\/\/ssn-pts.pl\/?page_id=1888","url":"http:\/\/ssn-pts.pl\/?page_id=1888","name":"Wyniki Konkursu na Najlepsz\u0105 Prac\u0119 Magistersk\u0105 i Licencjack\u0105 z Zakresu Socjologii Niepe\u0142nosprawno\u015bci - Sekcja PTS Socjologii Niepe\u0142nosprawno\u015bci","isPartOf":{"@id":"http:\/\/ssn-pts.pl\/#website"},"datePublished":"2020-11-03T13:19:11+00:00","dateModified":"2024-06-14T08:45:20+00:00","breadcrumb":{"@id":"http:\/\/ssn-pts.pl\/?page_id=1888#breadcrumb"},"inLanguage":"pl-PL","potentialAction":[{"@type":"ReadAction","target":["http:\/\/ssn-pts.pl\/?page_id=1888"]}]},{"@type":"BreadcrumbList","@id":"http:\/\/ssn-pts.pl\/?page_id=1888#breadcrumb","itemListElement":[{"@type":"ListItem","position":1,"name":"Strona g\u0142\u00f3wna","item":"http:\/\/ssn-pts.pl\/"},{"@type":"ListItem","position":2,"name":"Wyniki Konkursu na Najlepsz\u0105 Prac\u0119 Magistersk\u0105 i Licencjack\u0105 z Zakresu Socjologii Niepe\u0142nosprawno\u015bci"}]},{"@type":"WebSite","@id":"http:\/\/ssn-pts.pl\/#website","url":"http:\/\/ssn-pts.pl\/","name":"Sekcja PTS Socjologia Niepe\u0142nosprawno\u015bci","description":"","publisher":{"@id":"http:\/\/ssn-pts.pl\/#organization"},"potentialAction":[{"@type":"SearchAction","target":{"@type":"EntryPoint","urlTemplate":"http:\/\/ssn-pts.pl\/?s={search_term_string}"},"query-input":"required name=search_term_string"}],"inLanguage":"pl-PL"},{"@type":"Organization","@id":"http:\/\/ssn-pts.pl\/#organization","name":"Sekcja PTS Socjologia Niepe\u0142nosprawno\u015bci","url":"http:\/\/ssn-pts.pl\/","logo":{"@type":"ImageObject","inLanguage":"pl-PL","@id":"http:\/\/ssn-pts.pl\/#\/schema\/logo\/image\/","url":"http:\/\/socjologianiepelnosprawnosci.pl\/wp-content\/uploads\/2019\/07\/logo.png","contentUrl":"http:\/\/socjologianiepelnosprawnosci.pl\/wp-content\/uploads\/2019\/07\/logo.png","width":872,"height":604,"caption":"Sekcja PTS Socjologia Niepe\u0142nosprawno\u015bci"},"image":{"@id":"http:\/\/ssn-pts.pl\/#\/schema\/logo\/image\/"},"sameAs":["https:\/\/www.facebook.com\/pg\/SSNPTS"]}]}},"_links":{"self":[{"href":"https:\/\/ssn-pts.pl\/index.php?rest_route=\/wp\/v2\/pages\/1888"}],"collection":[{"href":"https:\/\/ssn-pts.pl\/index.php?rest_route=\/wp\/v2\/pages"}],"about":[{"href":"https:\/\/ssn-pts.pl\/index.php?rest_route=\/wp\/v2\/types\/page"}],"author":[{"embeddable":true,"href":"https:\/\/ssn-pts.pl\/index.php?rest_route=\/wp\/v2\/users\/1"}],"replies":[{"embeddable":true,"href":"https:\/\/ssn-pts.pl\/index.php?rest_route=%2Fwp%2Fv2%2Fcomments&post=1888"}],"version-history":[{"count":44,"href":"https:\/\/ssn-pts.pl\/index.php?rest_route=\/wp\/v2\/pages\/1888\/revisions"}],"predecessor-version":[{"id":26278,"href":"https:\/\/ssn-pts.pl\/index.php?rest_route=\/wp\/v2\/pages\/1888\/revisions\/26278"}],"wp:attachment":[{"href":"https:\/\/ssn-pts.pl\/index.php?rest_route=%2Fwp%2Fv2%2Fmedia&parent=1888"}],"curies":[{"name":"wp","href":"https:\/\/api.w.org\/{rel}","templated":true}]}}