{"id":2115,"date":"2021-01-05T00:31:35","date_gmt":"2021-01-04T23:31:35","guid":{"rendered":"http:\/\/socjologianiepelnosprawnosci.pl\/?page_id=2115"},"modified":"2023-11-23T14:46:17","modified_gmt":"2023-11-23T13:46:17","slug":"regulamin-2","status":"publish","type":"page","link":"https:\/\/ssn-pts.pl\/?page_id=2115","title":{"rendered":"Regulamin"},"content":{"rendered":"\t\t<div data-elementor-type=\"wp-page\" data-elementor-id=\"2115\" class=\"elementor elementor-2115\">\n\t\t\t\t\t\t<section class=\"elementor-section elementor-top-section elementor-element elementor-element-80a8fb9 elementor-section-full_width elementor-section-height-default elementor-section-height-default\" data-id=\"80a8fb9\" data-element_type=\"section\" data-e-type=\"section\">\n\t\t\t\t\t\t<div class=\"elementor-container elementor-column-gap-default\">\n\t\t\t\t\t<div class=\"elementor-column elementor-col-100 elementor-top-column elementor-element elementor-element-a336cd4\" data-id=\"a336cd4\" data-element_type=\"column\" data-e-type=\"column\">\n\t\t\t<div class=\"elementor-widget-wrap elementor-element-populated\">\n\t\t\t\t\t\t<div class=\"elementor-element elementor-element-ed98e79 elementor-widget elementor-widget-heading\" data-id=\"ed98e79\" data-element_type=\"widget\" data-e-type=\"widget\" data-widget_type=\"heading.default\">\n\t\t\t\t<div class=\"elementor-widget-container\">\n\t\t\t\t\t<h2 class=\"elementor-heading-title elementor-size-default\"><br>Regulamin Konkursu Fotograficznego <br>Zdj\u0119cie na ok\u0142adk\u0119<br><br><\/h2>\t\t\t\t<\/div>\n\t\t\t\t<\/div>\n\t\t\t\t\t<\/div>\n\t\t<\/div>\n\t\t\t\t\t<\/div>\n\t\t<\/section>\n\t\t\t\t<section class=\"elementor-section elementor-top-section elementor-element elementor-element-a3c8ebd elementor-section-full_width elementor-section-height-default elementor-section-height-default\" data-id=\"a3c8ebd\" data-element_type=\"section\" data-e-type=\"section\">\n\t\t\t\t\t\t<div class=\"elementor-container elementor-column-gap-default\">\n\t\t\t\t\t<div class=\"elementor-column elementor-col-100 elementor-top-column elementor-element elementor-element-f287c17\" data-id=\"f287c17\" data-element_type=\"column\" data-e-type=\"column\">\n\t\t\t<div class=\"elementor-widget-wrap elementor-element-populated\">\n\t\t\t\t\t\t<div class=\"elementor-element elementor-element-7e1cb85 elementor-widget elementor-widget-text-editor\" data-id=\"7e1cb85\" data-element_type=\"widget\" data-e-type=\"widget\" data-widget_type=\"text-editor.default\">\n\t\t\t\t<div class=\"elementor-widget-container\">\n\t\t\t\t\t\t\t\t\t<p>1. Organizatorem Konkursu Fotograficznego \u201eZdj\u0119cie na ok\u0142adk\u0119\u201d jest Sekcja PTS Socjologii Niepe\u0142nosprawno\u015bci, kt\u00f3ra og\u0142asza konkurs i okre\u015bla jego terminarz.\u00a0<br \/>2. Celami konkursu s\u0105:<br \/>&#8211; promowanie tematyki zwi\u0105zanej z widoczno\u015bci\u0105 i obecno\u015bci\u0105 zjawiska z niepe\u0142nosprawno\u015bci\u0105 oraz os\u00f3b z niepe\u0142nosprawno\u015bciami w \u017cyciu spo\u0142ecznym, a w szczeg\u00f3lno\u015bci wzmacniania zaanga\u017cowania spo\u0142ecznego\u00a0cz\u0142onk\u00f3w Sekcji Socjologii Niepe\u0142nosprawno\u015bci w tym obszarze;<br \/>&#8211; rozwijanie wra\u017cliwo\u015bci socjologicznej i artystycznej w odniesieniu do prezentowania niepe\u0142nosprawno\u015bci i problem\u00f3w oraz aktywno\u015bci i \u017cycia codziennego os\u00f3b z niepe\u0142nosprawno\u015bci\u0105;<br \/>&#8211; prezentacja tw\u00f3rczo\u015bci cz\u0142onk\u00f3w i sympatyk\u00f3w PTS, w tym Sekcji Socjologii Niepe\u0142nosprawno\u015bci w dziedzinie fotografii,;- stworzenie banku zdj\u0119\u0107 do wykorzystania w publikacjach wydawanych pod patronatem Sekcji PTS Socjologii Niepe\u0142nosprawno\u015bci.<br \/>3. Warunki dotycz\u0105ce zg\u0142aszanych fotografii:<br \/>&#8211; Prace nale\u017cy nadsy\u0142a\u0107 na adres: sekcjasnpts@gmail.com z dopiskiem \u201eKonkurs Fotograficzny\u201d.<br \/>&#8211; Fotografie nale\u017cy opisa\u0107 wed\u0142ug nast\u0119puj\u0105cego wzoru: Imi\u0119_Nazwisko_tytu\u0142_zdj\u0119cia.<br \/>&#8211; Zdj\u0119cia musz\u0105 by\u0107 zapisane w formacie JPG. D\u0142u\u017cszy bok zdj\u0119cia powinien mie\u0107 nie mniej ni\u017c 2400 pikseli.<br \/>&#8211; Ka\u017cdy uczestnik mo\u017ce zg\u0142osi\u0107 maksymalnie trzy zdj\u0119cia.<br \/>&#8211; Je\u017celi na fotografiach znajduje si\u0119 wizerunek osoby, uczestnik zobowi\u0105zany jest do do\u0142\u0105czenia do zg\u0142oszenia pisemnego o\u015bwiadczenia, \u017ce osoba znajduj\u0105ca si\u0119 na fotografii wyra\u017ca zgod\u0119 na nieodp\u0142atn\u0105 publikacj\u0119 i rozpowszechnianie swojego wizerunku.<br \/>4. Uczestnik, przyst\u0119puj\u0105c do konkursu, o\u015bwiadcza, \u017ce :<br \/>&#8211; jest autorem za\u0142\u0105czonych fotografii,<br \/>&#8211; przys\u0142uguj\u0105 mu wy\u0142\u0105czne i nieograniczone prawa autorskie do nades\u0142anych fotografii, kt\u00f3re to jako utwory fotograficzne pozbawione s\u0105 jakichkolwiek wad prawnych i nie s\u0105 obci\u0105\u017cone prawami i roszczeniami os\u00f3b trzecich,<br \/>&#8211; wyra\u017ca zgod\u0119 na nieodp\u0142atne opublikowanie na stronie internetowej sekcji oraz stronie sekcji w serwisie spo\u0142eczno\u015bciowym Facebook nades\u0142anych zdj\u0119\u0107 oraz swojego imienia i nazwiska,<br \/>&#8211; zgadza si\u0119 na nieop\u0142atne wykorzystanie zdj\u0119\u0107 w publikacjach wydawanych pod patronatem Sekcji Socjologii Niepe\u0142nosprawno\u015bci i ma \u015bwiadomo\u015b\u0107 konieczno\u015bci podpisania przed publikacj\u0105 o\u015bwiadczenia autora zgodnego ze<br \/>wzorem obowi\u0105zuj\u0105cym w danym wydawnictwie.<br \/>5. Organizator powo\u0142uje Jury konkursu z\u0142o\u017cone z trzech os\u00f3b. Wszystkie zdj\u0119cia nades\u0142ane do Konkursu podlegaj\u0105 ocenie Jury. Decyzje podj\u0119te przez Jury s\u0105 ostateczne.<br \/>6. Nagrodami w konkursie b\u0119d\u0105: publikacja zdj\u0119cia na ok\u0142adce jednej z monografii wydanej przez organizatora konkursu oraz na stronie internetowej sekcji i stronie sekcji w serwisie spo\u0142eczno\u015bciowym Facebook.<br \/>7. Organizatorzy nie bior\u0105 prawnej odpowiedzialno\u015bci za przes\u0142ane prace oraz zastrzegaj\u0105 sobie prawo natychmiastowej dyskwalifikacji fotografii i ich autor\u00f3w przypadku naruszenia regulaminu konkursu.<br \/>8. Uczestnikom Konkursu przys\u0142uguje prawo dost\u0119pu do tre\u015bci swoich danych oraz ich poprawiania lub \u017c\u0105dania ich usuni\u0119cia, w tym celu powinni skontaktowa\u0107 si\u0119 oni z organizatorem konkursu, kt\u00f3ry jest administratorem danych.<br \/>Administrator danych osobowych \u2013 Sekcja PTS Socjologii Niepe\u0142nosprawno\u015bci &#8211; przetwarza dane osobowe (imi\u0119, nazwisko, adres e-mail) na podstawie obowi\u0105zuj\u0105cych przepis\u00f3w prawa oraz w ramach udzielonej zgody w celach<br \/>zwi\u0105zanych z udzia\u0142em w Konkursie i archiwizacji. Podanie danych jest dobrowolne, lecz niezb\u0119dne dla wzi\u0119cia udzia\u0142u w konkursie.<br \/>9. W sprawach nieuregulowanych niniejszym regulaminem maj\u0105 zastosowanie odpowiednie przepisy prawa polskiego.<br \/>10. Interpretacja zasad niniejszego regulaminu nale\u017cy wy\u0142\u0105cznie do jego organizator\u00f3w.<\/p>\t\t\t\t\t\t\t\t<\/div>\n\t\t\t\t<\/div>\n\t\t\t\t\t<\/div>\n\t\t<\/div>\n\t\t\t\t\t<\/div>\n\t\t<\/section>\n\t\t\t\t<section class=\"elementor-section elementor-top-section elementor-element elementor-element-b100258 elementor-section-boxed elementor-section-height-default elementor-section-height-default\" data-id=\"b100258\" data-element_type=\"section\" data-e-type=\"section\">\n\t\t\t\t\t\t<div class=\"elementor-container elementor-column-gap-default\">\n\t\t\t\t\t<div class=\"elementor-column elementor-col-100 elementor-top-column elementor-element elementor-element-120d777\" data-id=\"120d777\" data-element_type=\"column\" data-e-type=\"column\">\n\t\t\t<div class=\"elementor-widget-wrap elementor-element-populated\">\n\t\t\t\t\t\t<div class=\"elementor-element elementor-element-9091f59 elementor-widget elementor-widget-heading\" data-id=\"9091f59\" data-element_type=\"widget\" data-e-type=\"widget\" data-widget_type=\"heading.default\">\n\t\t\t\t<div class=\"elementor-widget-container\">\n\t\t\t\t\t<h2 class=\"elementor-heading-title elementor-size-default\">O\u015bwiadczenia<\/h2>\t\t\t\t<\/div>\n\t\t\t\t<\/div>\n\t\t\t\t\t<\/div>\n\t\t<\/div>\n\t\t\t\t\t<\/div>\n\t\t<\/section>\n\t\t\t\t<section class=\"elementor-section elementor-top-section elementor-element elementor-element-9df440e elementor-section-boxed elementor-section-height-default elementor-section-height-default\" data-id=\"9df440e\" data-element_type=\"section\" data-e-type=\"section\">\n\t\t\t\t\t\t<div class=\"elementor-container elementor-column-gap-default\">\n\t\t\t\t\t<div class=\"elementor-column elementor-col-50 elementor-top-column elementor-element elementor-element-94c42e7\" data-id=\"94c42e7\" data-element_type=\"column\" data-e-type=\"column\">\n\t\t\t<div class=\"elementor-widget-wrap elementor-element-populated\">\n\t\t\t\t\t\t<div class=\"elementor-element elementor-element-c6334f8 elementor-button-warning elementor-align-center elementor-widget elementor-widget-button\" data-id=\"c6334f8\" data-element_type=\"widget\" data-e-type=\"widget\" data-widget_type=\"button.default\">\n\t\t\t\t<div class=\"elementor-widget-container\">\n\t\t\t\t\t\t\t\t\t<div class=\"elementor-button-wrapper\">\n\t\t\t\t\t<a class=\"elementor-button elementor-button-link elementor-size-sm\" href=\"http:\/\/socjologianiepelnosprawnosci.pl\/wp-content\/uploads\/2022\/09\/Oswiadczenie_FOTOGRAFIE.docx\" target=\"_blank\">\n\t\t\t\t\t\t<span class=\"elementor-button-content-wrapper\">\n\t\t\t\t\t\t\t\t\t<span class=\"elementor-button-text\">o\u015bwiadczenie dla Wydawnictwa<\/span>\n\t\t\t\t\t<\/span>\n\t\t\t\t\t<\/a>\n\t\t\t\t<\/div>\n\t\t\t\t\t\t\t\t<\/div>\n\t\t\t\t<\/div>\n\t\t\t\t\t<\/div>\n\t\t<\/div>\n\t\t\t\t<div class=\"elementor-column elementor-col-50 elementor-top-column elementor-element elementor-element-6fb97c6\" data-id=\"6fb97c6\" data-element_type=\"column\" data-e-type=\"column\">\n\t\t\t<div class=\"elementor-widget-wrap elementor-element-populated\">\n\t\t\t\t\t\t<div class=\"elementor-element elementor-element-8e235fd elementor-button-warning elementor-align-center elementor-widget elementor-widget-button\" data-id=\"8e235fd\" data-element_type=\"widget\" data-e-type=\"widget\" data-widget_type=\"button.default\">\n\t\t\t\t<div class=\"elementor-widget-container\">\n\t\t\t\t\t\t\t\t\t<div class=\"elementor-button-wrapper\">\n\t\t\t\t\t<a class=\"elementor-button elementor-button-link elementor-size-sm\" href=\"http:\/\/socjologianiepelnosprawnosci.pl\/wp-content\/uploads\/2022\/09\/Oswiadczenie_FOTOGRAFIE.docx\" target=\"_blank\">\n\t\t\t\t\t\t<span class=\"elementor-button-content-wrapper\">\n\t\t\t\t\t\t\t\t\t<span class=\"elementor-button-text\">o\u015bwiadczenie dodatkowe<\/span>\n\t\t\t\t\t<\/span>\n\t\t\t\t\t<\/a>\n\t\t\t\t<\/div>\n\t\t\t\t\t\t\t\t<\/div>\n\t\t\t\t<\/div>\n\t\t\t\t\t<\/div>\n\t\t<\/div>\n\t\t\t\t\t<\/div>\n\t\t<\/section>\n\t\t\t\t<section class=\"elementor-section elementor-top-section elementor-element elementor-element-ad5399f elementor-section-boxed elementor-section-height-default elementor-section-height-default\" data-id=\"ad5399f\" data-element_type=\"section\" data-e-type=\"section\">\n\t\t\t\t\t\t<div class=\"elementor-container elementor-column-gap-default\">\n\t\t\t\t\t<div class=\"elementor-column elementor-col-100 elementor-top-column elementor-element elementor-element-83bc6fd\" data-id=\"83bc6fd\" data-element_type=\"column\" data-e-type=\"column\">\n\t\t\t<div class=\"elementor-widget-wrap elementor-element-populated\">\n\t\t\t\t\t\t<div class=\"elementor-element elementor-element-a143109 elementor-widget elementor-widget-image\" data-id=\"a143109\" data-element_type=\"widget\" data-e-type=\"widget\" data-widget_type=\"image.default\">\n\t\t\t\t<div class=\"elementor-widget-container\">\n\t\t\t\t\t\t\t\t\t\t\t\t\t\t\t<img decoding=\"async\" src=\"http:\/\/socjologianiepelnosprawnosci.pl\/wp-content\/uploads\/2022\/09\/Oswiadczenie_FOTOGRAFIE.docx\" title=\"\" alt=\"\" loading=\"lazy\" \/>\t\t\t\t\t\t\t\t\t\t\t\t\t\t\t<\/div>\n\t\t\t\t<\/div>\n\t\t\t\t\t<\/div>\n\t\t<\/div>\n\t\t\t\t\t<\/div>\n\t\t<\/section>\n\t\t\t\t<section class=\"elementor-section elementor-top-section elementor-element elementor-element-d839ea7 elementor-section-boxed elementor-section-height-default elementor-section-height-default\" data-id=\"d839ea7\" data-element_type=\"section\" data-e-type=\"section\">\n\t\t\t\t\t\t<div class=\"elementor-container elementor-column-gap-default\">\n\t\t\t\t\t<div class=\"elementor-column elementor-col-100 elementor-top-column elementor-element elementor-element-89296fb\" data-id=\"89296fb\" data-element_type=\"column\" data-e-type=\"column\">\n\t\t\t<div class=\"elementor-widget-wrap elementor-element-populated\">\n\t\t\t\t\t\t<div class=\"elementor-element elementor-element-bb5e2bd elementor-widget elementor-widget-image\" data-id=\"bb5e2bd\" data-element_type=\"widget\" data-e-type=\"widget\" data-widget_type=\"image.default\">\n\t\t\t\t<div class=\"elementor-widget-container\">\n\t\t\t\t\t\t\t\t\t\t\t\t\t\t\t<img decoding=\"async\" src=\"http:\/\/socjologianiepelnosprawnosci.pl\/wp-content\/uploads\/2022\/09\/oswiadczenie-dodoatkowe.docx\" title=\"\" alt=\"\" loading=\"lazy\" \/>\t\t\t\t\t\t\t\t\t\t\t\t\t\t\t<\/div>\n\t\t\t\t<\/div>\n\t\t\t\t\t<\/div>\n\t\t<\/div>\n\t\t\t\t\t<\/div>\n\t\t<\/section>\n\t\t\t\t<\/div>\n\t\t","protected":false},"excerpt":{"rendered":"<p>Regulamin Konkursu Fotograficznego Zdj\u0119cie na ok\u0142adk\u0119 1. Organizatorem Konkursu Fotograficznego \u201eZdj\u0119cie na ok\u0142adk\u0119\u201d jest Sekcja PTS Socjologii Niepe\u0142nosprawno\u015bci, kt\u00f3ra og\u0142asza konkurs i okre\u015bla jego terminarz.\u00a02. Celami konkursu s\u0105:&#8211; promowanie tematyki zwi\u0105zanej z widoczno\u015bci\u0105 i obecno\u015bci\u0105 zjawiska z niepe\u0142nosprawno\u015bci\u0105 oraz os\u00f3b z niepe\u0142nosprawno\u015bciami w \u017cyciu spo\u0142ecznym, a w szczeg\u00f3lno\u015bci wzmacniania zaanga\u017cowania&#8230;<\/p>\n","protected":false},"author":1,"featured_media":0,"parent":0,"menu_order":0,"comment_status":"closed","ping_status":"closed","template":"","meta":{"footnotes":""},"class_list":["post-2115","page","type-page","status-publish","hentry"],"yoast_head":"<!-- This site is optimized with the Yoast SEO plugin v19.12 - https:\/\/yoast.com\/wordpress\/plugins\/seo\/ -->\n<title>Regulamin - Sekcja PTS Socjologii Niepe\u0142nosprawno\u015bci<\/title>\n<meta name=\"robots\" content=\"index, follow, max-snippet:-1, max-image-preview:large, max-video-preview:-1\" \/>\n<link rel=\"canonical\" href=\"http:\/\/ssn-pts.pl\/?page_id=2115\" \/>\n<meta property=\"og:locale\" content=\"pl_PL\" \/>\n<meta property=\"og:type\" content=\"article\" \/>\n<meta property=\"og:title\" content=\"Regulamin - Sekcja PTS Socjologii Niepe\u0142nosprawno\u015bci\" \/>\n<meta property=\"og:description\" content=\"Regulamin Konkursu Fotograficznego Zdj\u0119cie na ok\u0142adk\u0119 1. Organizatorem Konkursu Fotograficznego \u201eZdj\u0119cie na ok\u0142adk\u0119\u201d jest Sekcja PTS Socjologii Niepe\u0142nosprawno\u015bci, kt\u00f3ra og\u0142asza konkurs i okre\u015bla jego terminarz.\u00a02. Celami konkursu s\u0105:&#8211; promowanie tematyki zwi\u0105zanej z widoczno\u015bci\u0105 i obecno\u015bci\u0105 zjawiska z niepe\u0142nosprawno\u015bci\u0105 oraz os\u00f3b z niepe\u0142nosprawno\u015bciami w \u017cyciu spo\u0142ecznym, a w szczeg\u00f3lno\u015bci wzmacniania zaanga\u017cowania...\" \/>\n<meta property=\"og:url\" content=\"http:\/\/ssn-pts.pl\/?page_id=2115\" \/>\n<meta property=\"og:site_name\" content=\"Sekcja PTS Socjologii Niepe\u0142nosprawno\u015bci\" \/>\n<meta property=\"article:publisher\" content=\"https:\/\/www.facebook.com\/pg\/SSNPTS\" \/>\n<meta property=\"article:modified_time\" content=\"2023-11-23T13:46:17+00:00\" \/>\n<meta property=\"og:image\" content=\"http:\/\/socjologianiepelnosprawnosci.pl\/wp-content\/uploads\/2022\/09\/Oswiadczenie_FOTOGRAFIE.docx\" \/>\n<meta name=\"twitter:card\" content=\"summary_large_image\" \/>\n<meta name=\"twitter:label1\" content=\"Szacowany czas czytania\" \/>\n\t<meta name=\"twitter:data1\" content=\"3 minuty\" \/>\n<script type=\"application\/ld+json\" class=\"yoast-schema-graph\">{\"@context\":\"https:\/\/schema.org\",\"@graph\":[{\"@type\":\"WebPage\",\"@id\":\"http:\/\/ssn-pts.pl\/?page_id=2115\",\"url\":\"http:\/\/ssn-pts.pl\/?page_id=2115\",\"name\":\"Regulamin - Sekcja PTS Socjologii Niepe\u0142nosprawno\u015bci\",\"isPartOf\":{\"@id\":\"http:\/\/ssn-pts.pl\/#website\"},\"datePublished\":\"2021-01-04T23:31:35+00:00\",\"dateModified\":\"2023-11-23T13:46:17+00:00\",\"breadcrumb\":{\"@id\":\"http:\/\/ssn-pts.pl\/?page_id=2115#breadcrumb\"},\"inLanguage\":\"pl-PL\",\"potentialAction\":[{\"@type\":\"ReadAction\",\"target\":[\"http:\/\/ssn-pts.pl\/?page_id=2115\"]}]},{\"@type\":\"BreadcrumbList\",\"@id\":\"http:\/\/ssn-pts.pl\/?page_id=2115#breadcrumb\",\"itemListElement\":[{\"@type\":\"ListItem\",\"position\":1,\"name\":\"Strona g\u0142\u00f3wna\",\"item\":\"http:\/\/ssn-pts.pl\/\"},{\"@type\":\"ListItem\",\"position\":2,\"name\":\"Regulamin\"}]},{\"@type\":\"WebSite\",\"@id\":\"http:\/\/ssn-pts.pl\/#website\",\"url\":\"http:\/\/ssn-pts.pl\/\",\"name\":\"Sekcja PTS Socjologia Niepe\u0142nosprawno\u015bci\",\"description\":\"\",\"publisher\":{\"@id\":\"http:\/\/ssn-pts.pl\/#organization\"},\"potentialAction\":[{\"@type\":\"SearchAction\",\"target\":{\"@type\":\"EntryPoint\",\"urlTemplate\":\"http:\/\/ssn-pts.pl\/?s={search_term_string}\"},\"query-input\":\"required name=search_term_string\"}],\"inLanguage\":\"pl-PL\"},{\"@type\":\"Organization\",\"@id\":\"http:\/\/ssn-pts.pl\/#organization\",\"name\":\"Sekcja PTS Socjologia Niepe\u0142nosprawno\u015bci\",\"url\":\"http:\/\/ssn-pts.pl\/\",\"logo\":{\"@type\":\"ImageObject\",\"inLanguage\":\"pl-PL\",\"@id\":\"http:\/\/ssn-pts.pl\/#\/schema\/logo\/image\/\",\"url\":\"http:\/\/socjologianiepelnosprawnosci.pl\/wp-content\/uploads\/2019\/07\/logo.png\",\"contentUrl\":\"http:\/\/socjologianiepelnosprawnosci.pl\/wp-content\/uploads\/2019\/07\/logo.png\",\"width\":872,\"height\":604,\"caption\":\"Sekcja PTS Socjologia Niepe\u0142nosprawno\u015bci\"},\"image\":{\"@id\":\"http:\/\/ssn-pts.pl\/#\/schema\/logo\/image\/\"},\"sameAs\":[\"https:\/\/www.facebook.com\/pg\/SSNPTS\"]}]}<\/script>\n<!-- \/ Yoast SEO plugin. -->","yoast_head_json":{"title":"Regulamin - Sekcja PTS Socjologii Niepe\u0142nosprawno\u015bci","robots":{"index":"index","follow":"follow","max-snippet":"max-snippet:-1","max-image-preview":"max-image-preview:large","max-video-preview":"max-video-preview:-1"},"canonical":"http:\/\/ssn-pts.pl\/?page_id=2115","og_locale":"pl_PL","og_type":"article","og_title":"Regulamin - Sekcja PTS Socjologii Niepe\u0142nosprawno\u015bci","og_description":"Regulamin Konkursu Fotograficznego Zdj\u0119cie na ok\u0142adk\u0119 1. Organizatorem Konkursu Fotograficznego \u201eZdj\u0119cie na ok\u0142adk\u0119\u201d jest Sekcja PTS Socjologii Niepe\u0142nosprawno\u015bci, kt\u00f3ra og\u0142asza konkurs i okre\u015bla jego terminarz.\u00a02. Celami konkursu s\u0105:&#8211; promowanie tematyki zwi\u0105zanej z widoczno\u015bci\u0105 i obecno\u015bci\u0105 zjawiska z niepe\u0142nosprawno\u015bci\u0105 oraz os\u00f3b z niepe\u0142nosprawno\u015bciami w \u017cyciu spo\u0142ecznym, a w szczeg\u00f3lno\u015bci wzmacniania zaanga\u017cowania...","og_url":"http:\/\/ssn-pts.pl\/?page_id=2115","og_site_name":"Sekcja PTS Socjologii Niepe\u0142nosprawno\u015bci","article_publisher":"https:\/\/www.facebook.com\/pg\/SSNPTS","article_modified_time":"2023-11-23T13:46:17+00:00","og_image":[{"url":"http:\/\/socjologianiepelnosprawnosci.pl\/wp-content\/uploads\/2022\/09\/Oswiadczenie_FOTOGRAFIE.docx"}],"twitter_card":"summary_large_image","twitter_misc":{"Szacowany czas czytania":"3 minuty"},"schema":{"@context":"https:\/\/schema.org","@graph":[{"@type":"WebPage","@id":"http:\/\/ssn-pts.pl\/?page_id=2115","url":"http:\/\/ssn-pts.pl\/?page_id=2115","name":"Regulamin - Sekcja PTS Socjologii Niepe\u0142nosprawno\u015bci","isPartOf":{"@id":"http:\/\/ssn-pts.pl\/#website"},"datePublished":"2021-01-04T23:31:35+00:00","dateModified":"2023-11-23T13:46:17+00:00","breadcrumb":{"@id":"http:\/\/ssn-pts.pl\/?page_id=2115#breadcrumb"},"inLanguage":"pl-PL","potentialAction":[{"@type":"ReadAction","target":["http:\/\/ssn-pts.pl\/?page_id=2115"]}]},{"@type":"BreadcrumbList","@id":"http:\/\/ssn-pts.pl\/?page_id=2115#breadcrumb","itemListElement":[{"@type":"ListItem","position":1,"name":"Strona g\u0142\u00f3wna","item":"http:\/\/ssn-pts.pl\/"},{"@type":"ListItem","position":2,"name":"Regulamin"}]},{"@type":"WebSite","@id":"http:\/\/ssn-pts.pl\/#website","url":"http:\/\/ssn-pts.pl\/","name":"Sekcja PTS Socjologia Niepe\u0142nosprawno\u015bci","description":"","publisher":{"@id":"http:\/\/ssn-pts.pl\/#organization"},"potentialAction":[{"@type":"SearchAction","target":{"@type":"EntryPoint","urlTemplate":"http:\/\/ssn-pts.pl\/?s={search_term_string}"},"query-input":"required name=search_term_string"}],"inLanguage":"pl-PL"},{"@type":"Organization","@id":"http:\/\/ssn-pts.pl\/#organization","name":"Sekcja PTS Socjologia Niepe\u0142nosprawno\u015bci","url":"http:\/\/ssn-pts.pl\/","logo":{"@type":"ImageObject","inLanguage":"pl-PL","@id":"http:\/\/ssn-pts.pl\/#\/schema\/logo\/image\/","url":"http:\/\/socjologianiepelnosprawnosci.pl\/wp-content\/uploads\/2019\/07\/logo.png","contentUrl":"http:\/\/socjologianiepelnosprawnosci.pl\/wp-content\/uploads\/2019\/07\/logo.png","width":872,"height":604,"caption":"Sekcja PTS Socjologia Niepe\u0142nosprawno\u015bci"},"image":{"@id":"http:\/\/ssn-pts.pl\/#\/schema\/logo\/image\/"},"sameAs":["https:\/\/www.facebook.com\/pg\/SSNPTS"]}]}},"_links":{"self":[{"href":"https:\/\/ssn-pts.pl\/index.php?rest_route=\/wp\/v2\/pages\/2115"}],"collection":[{"href":"https:\/\/ssn-pts.pl\/index.php?rest_route=\/wp\/v2\/pages"}],"about":[{"href":"https:\/\/ssn-pts.pl\/index.php?rest_route=\/wp\/v2\/types\/page"}],"author":[{"embeddable":true,"href":"https:\/\/ssn-pts.pl\/index.php?rest_route=\/wp\/v2\/users\/1"}],"replies":[{"embeddable":true,"href":"https:\/\/ssn-pts.pl\/index.php?rest_route=%2Fwp%2Fv2%2Fcomments&post=2115"}],"version-history":[{"count":33,"href":"https:\/\/ssn-pts.pl\/index.php?rest_route=\/wp\/v2\/pages\/2115\/revisions"}],"predecessor-version":[{"id":25986,"href":"https:\/\/ssn-pts.pl\/index.php?rest_route=\/wp\/v2\/pages\/2115\/revisions\/25986"}],"wp:attachment":[{"href":"https:\/\/ssn-pts.pl\/index.php?rest_route=%2Fwp%2Fv2%2Fmedia&parent=2115"}],"curies":[{"name":"wp","href":"https:\/\/api.w.org\/{rel}","templated":true}]}}