{"id":25703,"date":"2023-01-30T20:31:31","date_gmt":"2023-01-30T19:31:31","guid":{"rendered":"https:\/\/ssn-pts.pl\/?page_id=25703"},"modified":"2023-01-30T20:56:31","modified_gmt":"2023-01-30T19:56:31","slug":"edycja-iii","status":"publish","type":"page","link":"https:\/\/ssn-pts.pl\/?page_id=25703","title":{"rendered":"Edycja III"},"content":{"rendered":"\t\t<div data-elementor-type=\"wp-page\" data-elementor-id=\"25703\" class=\"elementor elementor-25703\">\n\t\t\t\t\t\t<section class=\"elementor-section elementor-top-section elementor-element elementor-element-eac2968 elementor-section-boxed elementor-section-height-default elementor-section-height-default\" data-id=\"eac2968\" data-element_type=\"section\" data-e-type=\"section\">\n\t\t\t\t\t\t<div class=\"elementor-container elementor-column-gap-default\">\n\t\t\t\t\t<div class=\"elementor-column elementor-col-100 elementor-top-column elementor-element elementor-element-53e532c\" data-id=\"53e532c\" data-element_type=\"column\" data-e-type=\"column\">\n\t\t\t<div class=\"elementor-widget-wrap elementor-element-populated\">\n\t\t\t\t\t\t<div class=\"elementor-element elementor-element-09f2741 elementor-widget elementor-widget-heading\" data-id=\"09f2741\" data-element_type=\"widget\" data-e-type=\"widget\" data-widget_type=\"heading.default\">\n\t\t\t\t<div class=\"elementor-widget-container\">\n\t\t\t\t\t<h2 class=\"elementor-heading-title elementor-size-default\">III edycja Konkursu \"Zdj\u0119cie na ok\u0142adk\u0119\"<\/h2>\t\t\t\t<\/div>\n\t\t\t\t<\/div>\n\t\t\t\t\t<\/div>\n\t\t<\/div>\n\t\t\t\t\t<\/div>\n\t\t<\/section>\n\t\t\t\t<section class=\"elementor-section elementor-top-section elementor-element elementor-element-4aa2421 elementor-section-boxed elementor-section-height-default elementor-section-height-default\" data-id=\"4aa2421\" data-element_type=\"section\" data-e-type=\"section\">\n\t\t\t\t\t\t<div class=\"elementor-container elementor-column-gap-default\">\n\t\t\t\t\t<div class=\"elementor-column elementor-col-100 elementor-top-column elementor-element elementor-element-ce85c11\" data-id=\"ce85c11\" data-element_type=\"column\" data-e-type=\"column\">\n\t\t\t<div class=\"elementor-widget-wrap elementor-element-populated\">\n\t\t\t\t\t\t<div class=\"elementor-element elementor-element-73142ba elementor-widget elementor-widget-text-editor\" data-id=\"73142ba\" data-element_type=\"widget\" data-e-type=\"widget\" data-widget_type=\"text-editor.default\">\n\t\t\t\t<div class=\"elementor-widget-container\">\n\t\t\t\t\t\t\t\t\t<p dir=\"auto\" style=\"font-family: 'Segoe UI Historic', 'Segoe UI', Helvetica, Arial, sans-serif; color: #050505; font-size: 15px; white-space: pre-wrap;\">III edycja Konkursu &#8222;Zdj\u0119cie na ok\u0142adk\u0119&#8221; zosta\u0142a roztrzygni\u0119ta.<br \/>Laureatem zosta\u0142 Pan Pan Piotr Cz\u0119stochowski Dyrektor Organizacyjny <a href=\"https:\/\/www.facebook.com\/DziecieceGraffiti\/\" target=\"_blank\" rel=\"noopener\">&#8222;Dzieci\u0119ce Graffiti&#8221;<\/a><br \/>Jury Konkursu, w sk\u0142adzie : Grzegorz Ca\u0142ek, Jakub Niedbalski, Mariola Rac\u0142aw w III edycji nagrodzi\u0142o ca\u0142y cykl fotografii.<\/p><p dir=\"auto\" style=\"font-family: 'Segoe UI Historic', 'Segoe UI', Helvetica, Arial, sans-serif; color: #050505; font-size: 15px; white-space: pre-wrap;\">Zwyci\u0119scy gratulujemy, a zwyci\u0119skie fotografie zostan\u0105 opublikowane na ok\u0142adce monografii &#8222;Niepe\u0142nosprawno\u015b\u0107 i edukcja&#8221;.<\/p>\t\t\t\t\t\t\t\t<\/div>\n\t\t\t\t<\/div>\n\t\t\t\t\t<\/div>\n\t\t<\/div>\n\t\t\t\t\t<\/div>\n\t\t<\/section>\n\t\t\t\t<section class=\"elementor-section elementor-top-section elementor-element elementor-element-5c1320b elementor-section-full_width elementor-section-height-default elementor-section-height-default\" data-id=\"5c1320b\" data-element_type=\"section\" data-e-type=\"section\">\n\t\t\t\t\t\t<div class=\"elementor-container elementor-column-gap-default\">\n\t\t\t\t\t<div class=\"elementor-column elementor-col-33 elementor-top-column elementor-element elementor-element-39ecb42\" data-id=\"39ecb42\" data-element_type=\"column\" data-e-type=\"column\">\n\t\t\t<div class=\"elementor-widget-wrap elementor-element-populated\">\n\t\t\t\t\t\t<div class=\"elementor-element elementor-element-716ba87 elementor-widget elementor-widget-image\" data-id=\"716ba87\" data-element_type=\"widget\" data-e-type=\"widget\" data-widget_type=\"image.default\">\n\t\t\t\t<div class=\"elementor-widget-container\">\n\t\t\t\t\t\t\t\t\t\t\t\t<figure class=\"wp-caption\">\n\t\t\t\t\t\t\t\t\t\t<img fetchpriority=\"high\" decoding=\"async\" width=\"790\" height=\"528\" src=\"https:\/\/ssn-pts.pl\/wp-content\/uploads\/2023\/01\/Piotr-Czestochowski-Przyjazn-Braterska-1024x684.jpg\" class=\"attachment-large size-large wp-image-25708\" alt=\"2 ch\u0142opc\u00f3w w ge\u015bcie przyja\u017ani \u015bciska sobie r\u0119ce.\" srcset=\"https:\/\/ssn-pts.pl\/wp-content\/uploads\/2023\/01\/Piotr-Czestochowski-Przyjazn-Braterska-1024x684.jpg 1024w, https:\/\/ssn-pts.pl\/wp-content\/uploads\/2023\/01\/Piotr-Czestochowski-Przyjazn-Braterska-300x201.jpg 300w, https:\/\/ssn-pts.pl\/wp-content\/uploads\/2023\/01\/Piotr-Czestochowski-Przyjazn-Braterska-768x513.jpg 768w, https:\/\/ssn-pts.pl\/wp-content\/uploads\/2023\/01\/Piotr-Czestochowski-Przyjazn-Braterska-1536x1027.jpg 1536w, https:\/\/ssn-pts.pl\/wp-content\/uploads\/2023\/01\/Piotr-Czestochowski-Przyjazn-Braterska-2048x1369.jpg 2048w\" sizes=\"(max-width: 790px) 100vw, 790px\" \/>\t\t\t\t\t\t\t\t\t\t\t<figcaption class=\"widget-image-caption wp-caption-text\">Przyja\u017a\u0144 braterska<\/figcaption>\n\t\t\t\t\t\t\t\t\t\t<\/figure>\n\t\t\t\t\t\t\t\t\t<\/div>\n\t\t\t\t<\/div>\n\t\t\t\t\t<\/div>\n\t\t<\/div>\n\t\t\t\t<div class=\"elementor-column elementor-col-33 elementor-top-column elementor-element elementor-element-4aac7ea\" data-id=\"4aac7ea\" data-element_type=\"column\" data-e-type=\"column\">\n\t\t\t<div class=\"elementor-widget-wrap elementor-element-populated\">\n\t\t\t\t\t\t<div class=\"elementor-element elementor-element-a2a661f elementor-widget elementor-widget-image\" data-id=\"a2a661f\" data-element_type=\"widget\" data-e-type=\"widget\" data-widget_type=\"image.default\">\n\t\t\t\t<div class=\"elementor-widget-container\">\n\t\t\t\t\t\t\t\t\t\t\t\t<figure class=\"wp-caption\">\n\t\t\t\t\t\t\t\t\t\t<img decoding=\"async\" width=\"790\" height=\"528\" src=\"https:\/\/ssn-pts.pl\/wp-content\/uploads\/2023\/01\/Piotr-Czestochowski-Terapeutyczny-Przytulas--1024x684.jpg\" class=\"attachment-large size-large wp-image-25709\" alt=\"Grupa 6 os\u00f3b w r\u00f3znym wieku przytulajaca sie w kr\u0119gu.\" srcset=\"https:\/\/ssn-pts.pl\/wp-content\/uploads\/2023\/01\/Piotr-Czestochowski-Terapeutyczny-Przytulas--1024x684.jpg 1024w, https:\/\/ssn-pts.pl\/wp-content\/uploads\/2023\/01\/Piotr-Czestochowski-Terapeutyczny-Przytulas--300x201.jpg 300w, https:\/\/ssn-pts.pl\/wp-content\/uploads\/2023\/01\/Piotr-Czestochowski-Terapeutyczny-Przytulas--768x513.jpg 768w, https:\/\/ssn-pts.pl\/wp-content\/uploads\/2023\/01\/Piotr-Czestochowski-Terapeutyczny-Przytulas--1536x1027.jpg 1536w, https:\/\/ssn-pts.pl\/wp-content\/uploads\/2023\/01\/Piotr-Czestochowski-Terapeutyczny-Przytulas--2048x1369.jpg 2048w\" sizes=\"(max-width: 790px) 100vw, 790px\" \/>\t\t\t\t\t\t\t\t\t\t\t<figcaption class=\"widget-image-caption wp-caption-text\">Terapeutyczny przytulas<\/figcaption>\n\t\t\t\t\t\t\t\t\t\t<\/figure>\n\t\t\t\t\t\t\t\t\t<\/div>\n\t\t\t\t<\/div>\n\t\t\t\t\t<\/div>\n\t\t<\/div>\n\t\t\t\t<div class=\"elementor-column elementor-col-33 elementor-top-column elementor-element elementor-element-3bcf8d5\" data-id=\"3bcf8d5\" data-element_type=\"column\" data-e-type=\"column\">\n\t\t\t<div class=\"elementor-widget-wrap elementor-element-populated\">\n\t\t\t\t\t\t<div class=\"elementor-element elementor-element-79aad7a elementor-widget elementor-widget-image\" data-id=\"79aad7a\" data-element_type=\"widget\" data-e-type=\"widget\" data-widget_type=\"image.default\">\n\t\t\t\t<div class=\"elementor-widget-container\">\n\t\t\t\t\t\t\t\t\t\t\t\t<figure class=\"wp-caption\">\n\t\t\t\t\t\t\t\t\t\t<img decoding=\"async\" width=\"790\" height=\"528\" src=\"https:\/\/ssn-pts.pl\/wp-content\/uploads\/2023\/01\/Piotr-Czestochowski-Wspolny-Punkt-Widzenia--1024x684.jpg\" class=\"attachment-large size-large wp-image-25716\" alt=\"\" srcset=\"https:\/\/ssn-pts.pl\/wp-content\/uploads\/2023\/01\/Piotr-Czestochowski-Wspolny-Punkt-Widzenia--1024x684.jpg 1024w, https:\/\/ssn-pts.pl\/wp-content\/uploads\/2023\/01\/Piotr-Czestochowski-Wspolny-Punkt-Widzenia--300x201.jpg 300w, https:\/\/ssn-pts.pl\/wp-content\/uploads\/2023\/01\/Piotr-Czestochowski-Wspolny-Punkt-Widzenia--768x513.jpg 768w, https:\/\/ssn-pts.pl\/wp-content\/uploads\/2023\/01\/Piotr-Czestochowski-Wspolny-Punkt-Widzenia--1536x1027.jpg 1536w, https:\/\/ssn-pts.pl\/wp-content\/uploads\/2023\/01\/Piotr-Czestochowski-Wspolny-Punkt-Widzenia--2048x1369.jpg 2048w\" sizes=\"(max-width: 790px) 100vw, 790px\" \/>\t\t\t\t\t\t\t\t\t\t\t<figcaption class=\"widget-image-caption wp-caption-text\">Wsp\u00f3lny punkt widzenia<\/figcaption>\n\t\t\t\t\t\t\t\t\t\t<\/figure>\n\t\t\t\t\t\t\t\t\t<\/div>\n\t\t\t\t<\/div>\n\t\t\t\t\t<\/div>\n\t\t<\/div>\n\t\t\t\t\t<\/div>\n\t\t<\/section>\n\t\t\t\t<\/div>\n\t\t","protected":false},"excerpt":{"rendered":"<p>III edycja Konkursu &#8222;Zdj\u0119cie na ok\u0142adk\u0119&#8221; III edycja Konkursu &#8222;Zdj\u0119cie na ok\u0142adk\u0119&#8221; zosta\u0142a roztrzygni\u0119ta.Laureatem zosta\u0142 Pan Pan Piotr Cz\u0119stochowski Dyrektor Organizacyjny &#8222;Dzieci\u0119ce Graffiti&#8221;Jury Konkursu, w sk\u0142adzie : Grzegorz Ca\u0142ek, Jakub Niedbalski, Mariola Rac\u0142aw w III edycji nagrodzi\u0142o ca\u0142y cykl fotografii. Zwyci\u0119scy gratulujemy, a zwyci\u0119skie fotografie zostan\u0105 opublikowane na ok\u0142adce monografii&#8230;<\/p>\n","protected":false},"author":1,"featured_media":0,"parent":0,"menu_order":0,"comment_status":"closed","ping_status":"closed","template":"","meta":{"footnotes":""},"class_list":["post-25703","page","type-page","status-publish","hentry"],"yoast_head":"<!-- This site is optimized with the Yoast SEO plugin v19.12 - https:\/\/yoast.com\/wordpress\/plugins\/seo\/ -->\n<title>Edycja III - Sekcja PTS Socjologii Niepe\u0142nosprawno\u015bci<\/title>\n<meta name=\"robots\" content=\"index, follow, max-snippet:-1, max-image-preview:large, max-video-preview:-1\" \/>\n<link rel=\"canonical\" href=\"http:\/\/ssn-pts.pl\/?page_id=25703\" \/>\n<meta property=\"og:locale\" content=\"pl_PL\" \/>\n<meta property=\"og:type\" content=\"article\" \/>\n<meta property=\"og:title\" content=\"Edycja III - Sekcja PTS Socjologii Niepe\u0142nosprawno\u015bci\" \/>\n<meta property=\"og:description\" content=\"III edycja Konkursu &#8222;Zdj\u0119cie na ok\u0142adk\u0119&#8221; III edycja Konkursu &#8222;Zdj\u0119cie na ok\u0142adk\u0119&#8221; zosta\u0142a roztrzygni\u0119ta.Laureatem zosta\u0142 Pan Pan Piotr Cz\u0119stochowski Dyrektor Organizacyjny &#8222;Dzieci\u0119ce Graffiti&#8221;Jury Konkursu, w sk\u0142adzie : Grzegorz Ca\u0142ek, Jakub Niedbalski, Mariola Rac\u0142aw w III edycji nagrodzi\u0142o ca\u0142y cykl fotografii. Zwyci\u0119scy gratulujemy, a zwyci\u0119skie fotografie zostan\u0105 opublikowane na ok\u0142adce monografii...\" \/>\n<meta property=\"og:url\" content=\"http:\/\/ssn-pts.pl\/?page_id=25703\" \/>\n<meta property=\"og:site_name\" content=\"Sekcja PTS Socjologii Niepe\u0142nosprawno\u015bci\" \/>\n<meta property=\"article:publisher\" content=\"https:\/\/www.facebook.com\/pg\/SSNPTS\" \/>\n<meta property=\"article:modified_time\" content=\"2023-01-30T19:56:31+00:00\" \/>\n<meta property=\"og:image\" content=\"https:\/\/ssn-pts.pl\/wp-content\/uploads\/2023\/01\/Piotr-Czestochowski-Przyjazn-Braterska-1024x684.jpg\" \/>\n<meta name=\"twitter:card\" content=\"summary_large_image\" \/>\n<meta name=\"twitter:label1\" content=\"Szacowany czas czytania\" \/>\n\t<meta name=\"twitter:data1\" content=\"1 minuta\" \/>\n<script type=\"application\/ld+json\" class=\"yoast-schema-graph\">{\"@context\":\"https:\/\/schema.org\",\"@graph\":[{\"@type\":\"WebPage\",\"@id\":\"http:\/\/ssn-pts.pl\/?page_id=25703\",\"url\":\"http:\/\/ssn-pts.pl\/?page_id=25703\",\"name\":\"Edycja III - Sekcja PTS Socjologii Niepe\u0142nosprawno\u015bci\",\"isPartOf\":{\"@id\":\"http:\/\/ssn-pts.pl\/#website\"},\"datePublished\":\"2023-01-30T19:31:31+00:00\",\"dateModified\":\"2023-01-30T19:56:31+00:00\",\"breadcrumb\":{\"@id\":\"http:\/\/ssn-pts.pl\/?page_id=25703#breadcrumb\"},\"inLanguage\":\"pl-PL\",\"potentialAction\":[{\"@type\":\"ReadAction\",\"target\":[\"http:\/\/ssn-pts.pl\/?page_id=25703\"]}]},{\"@type\":\"BreadcrumbList\",\"@id\":\"http:\/\/ssn-pts.pl\/?page_id=25703#breadcrumb\",\"itemListElement\":[{\"@type\":\"ListItem\",\"position\":1,\"name\":\"Strona g\u0142\u00f3wna\",\"item\":\"http:\/\/ssn-pts.pl\/\"},{\"@type\":\"ListItem\",\"position\":2,\"name\":\"Edycja III\"}]},{\"@type\":\"WebSite\",\"@id\":\"http:\/\/ssn-pts.pl\/#website\",\"url\":\"http:\/\/ssn-pts.pl\/\",\"name\":\"Sekcja PTS Socjologia Niepe\u0142nosprawno\u015bci\",\"description\":\"\",\"publisher\":{\"@id\":\"http:\/\/ssn-pts.pl\/#organization\"},\"potentialAction\":[{\"@type\":\"SearchAction\",\"target\":{\"@type\":\"EntryPoint\",\"urlTemplate\":\"http:\/\/ssn-pts.pl\/?s={search_term_string}\"},\"query-input\":\"required name=search_term_string\"}],\"inLanguage\":\"pl-PL\"},{\"@type\":\"Organization\",\"@id\":\"http:\/\/ssn-pts.pl\/#organization\",\"name\":\"Sekcja PTS Socjologia Niepe\u0142nosprawno\u015bci\",\"url\":\"http:\/\/ssn-pts.pl\/\",\"logo\":{\"@type\":\"ImageObject\",\"inLanguage\":\"pl-PL\",\"@id\":\"http:\/\/ssn-pts.pl\/#\/schema\/logo\/image\/\",\"url\":\"http:\/\/socjologianiepelnosprawnosci.pl\/wp-content\/uploads\/2019\/07\/logo.png\",\"contentUrl\":\"http:\/\/socjologianiepelnosprawnosci.pl\/wp-content\/uploads\/2019\/07\/logo.png\",\"width\":872,\"height\":604,\"caption\":\"Sekcja PTS Socjologia Niepe\u0142nosprawno\u015bci\"},\"image\":{\"@id\":\"http:\/\/ssn-pts.pl\/#\/schema\/logo\/image\/\"},\"sameAs\":[\"https:\/\/www.facebook.com\/pg\/SSNPTS\"]}]}<\/script>\n<!-- \/ Yoast SEO plugin. -->","yoast_head_json":{"title":"Edycja III - Sekcja PTS Socjologii Niepe\u0142nosprawno\u015bci","robots":{"index":"index","follow":"follow","max-snippet":"max-snippet:-1","max-image-preview":"max-image-preview:large","max-video-preview":"max-video-preview:-1"},"canonical":"http:\/\/ssn-pts.pl\/?page_id=25703","og_locale":"pl_PL","og_type":"article","og_title":"Edycja III - Sekcja PTS Socjologii Niepe\u0142nosprawno\u015bci","og_description":"III edycja Konkursu &#8222;Zdj\u0119cie na ok\u0142adk\u0119&#8221; III edycja Konkursu &#8222;Zdj\u0119cie na ok\u0142adk\u0119&#8221; zosta\u0142a roztrzygni\u0119ta.Laureatem zosta\u0142 Pan Pan Piotr Cz\u0119stochowski Dyrektor Organizacyjny &#8222;Dzieci\u0119ce Graffiti&#8221;Jury Konkursu, w sk\u0142adzie : Grzegorz Ca\u0142ek, Jakub Niedbalski, Mariola Rac\u0142aw w III edycji nagrodzi\u0142o ca\u0142y cykl fotografii. Zwyci\u0119scy gratulujemy, a zwyci\u0119skie fotografie zostan\u0105 opublikowane na ok\u0142adce monografii...","og_url":"http:\/\/ssn-pts.pl\/?page_id=25703","og_site_name":"Sekcja PTS Socjologii Niepe\u0142nosprawno\u015bci","article_publisher":"https:\/\/www.facebook.com\/pg\/SSNPTS","article_modified_time":"2023-01-30T19:56:31+00:00","og_image":[{"url":"https:\/\/ssn-pts.pl\/wp-content\/uploads\/2023\/01\/Piotr-Czestochowski-Przyjazn-Braterska-1024x684.jpg"}],"twitter_card":"summary_large_image","twitter_misc":{"Szacowany czas czytania":"1 minuta"},"schema":{"@context":"https:\/\/schema.org","@graph":[{"@type":"WebPage","@id":"http:\/\/ssn-pts.pl\/?page_id=25703","url":"http:\/\/ssn-pts.pl\/?page_id=25703","name":"Edycja III - Sekcja PTS Socjologii Niepe\u0142nosprawno\u015bci","isPartOf":{"@id":"http:\/\/ssn-pts.pl\/#website"},"datePublished":"2023-01-30T19:31:31+00:00","dateModified":"2023-01-30T19:56:31+00:00","breadcrumb":{"@id":"http:\/\/ssn-pts.pl\/?page_id=25703#breadcrumb"},"inLanguage":"pl-PL","potentialAction":[{"@type":"ReadAction","target":["http:\/\/ssn-pts.pl\/?page_id=25703"]}]},{"@type":"BreadcrumbList","@id":"http:\/\/ssn-pts.pl\/?page_id=25703#breadcrumb","itemListElement":[{"@type":"ListItem","position":1,"name":"Strona g\u0142\u00f3wna","item":"http:\/\/ssn-pts.pl\/"},{"@type":"ListItem","position":2,"name":"Edycja III"}]},{"@type":"WebSite","@id":"http:\/\/ssn-pts.pl\/#website","url":"http:\/\/ssn-pts.pl\/","name":"Sekcja PTS Socjologia Niepe\u0142nosprawno\u015bci","description":"","publisher":{"@id":"http:\/\/ssn-pts.pl\/#organization"},"potentialAction":[{"@type":"SearchAction","target":{"@type":"EntryPoint","urlTemplate":"http:\/\/ssn-pts.pl\/?s={search_term_string}"},"query-input":"required name=search_term_string"}],"inLanguage":"pl-PL"},{"@type":"Organization","@id":"http:\/\/ssn-pts.pl\/#organization","name":"Sekcja PTS Socjologia Niepe\u0142nosprawno\u015bci","url":"http:\/\/ssn-pts.pl\/","logo":{"@type":"ImageObject","inLanguage":"pl-PL","@id":"http:\/\/ssn-pts.pl\/#\/schema\/logo\/image\/","url":"http:\/\/socjologianiepelnosprawnosci.pl\/wp-content\/uploads\/2019\/07\/logo.png","contentUrl":"http:\/\/socjologianiepelnosprawnosci.pl\/wp-content\/uploads\/2019\/07\/logo.png","width":872,"height":604,"caption":"Sekcja PTS Socjologia Niepe\u0142nosprawno\u015bci"},"image":{"@id":"http:\/\/ssn-pts.pl\/#\/schema\/logo\/image\/"},"sameAs":["https:\/\/www.facebook.com\/pg\/SSNPTS"]}]}},"_links":{"self":[{"href":"https:\/\/ssn-pts.pl\/index.php?rest_route=\/wp\/v2\/pages\/25703"}],"collection":[{"href":"https:\/\/ssn-pts.pl\/index.php?rest_route=\/wp\/v2\/pages"}],"about":[{"href":"https:\/\/ssn-pts.pl\/index.php?rest_route=\/wp\/v2\/types\/page"}],"author":[{"embeddable":true,"href":"https:\/\/ssn-pts.pl\/index.php?rest_route=\/wp\/v2\/users\/1"}],"replies":[{"embeddable":true,"href":"https:\/\/ssn-pts.pl\/index.php?rest_route=%2Fwp%2Fv2%2Fcomments&post=25703"}],"version-history":[{"count":11,"href":"https:\/\/ssn-pts.pl\/index.php?rest_route=\/wp\/v2\/pages\/25703\/revisions"}],"predecessor-version":[{"id":25719,"href":"https:\/\/ssn-pts.pl\/index.php?rest_route=\/wp\/v2\/pages\/25703\/revisions\/25719"}],"wp:attachment":[{"href":"https:\/\/ssn-pts.pl\/index.php?rest_route=%2Fwp%2Fv2%2Fmedia&parent=25703"}],"curies":[{"name":"wp","href":"https:\/\/api.w.org\/{rel}","templated":true}]}}