{"id":26348,"date":"2025-01-12T09:29:03","date_gmt":"2025-01-12T08:29:03","guid":{"rendered":"https:\/\/ssn-pts.pl\/?page_id=26348"},"modified":"2025-07-15T21:41:26","modified_gmt":"2025-07-15T19:41:26","slug":"rada-naukowa-sekcji","status":"publish","type":"page","link":"https:\/\/ssn-pts.pl\/?page_id=26348","title":{"rendered":"Rada Naukowa Sekcji"},"content":{"rendered":"\t\t<div data-elementor-type=\"wp-page\" data-elementor-id=\"26348\" class=\"elementor elementor-26348\">\n\t\t\t\t\t\t<section class=\"elementor-section elementor-top-section elementor-element elementor-element-0c51d50 elementor-section-boxed elementor-section-height-default elementor-section-height-default\" data-id=\"0c51d50\" data-element_type=\"section\" data-e-type=\"section\">\n\t\t\t\t\t\t<div class=\"elementor-container elementor-column-gap-default\">\n\t\t\t\t\t<div class=\"elementor-column elementor-col-100 elementor-top-column elementor-element elementor-element-9443b30\" data-id=\"9443b30\" data-element_type=\"column\" data-e-type=\"column\">\n\t\t\t<div class=\"elementor-widget-wrap elementor-element-populated\">\n\t\t\t\t\t\t<div class=\"elementor-element elementor-element-9a75071 elementor-widget elementor-widget-heading\" data-id=\"9a75071\" data-element_type=\"widget\" data-e-type=\"widget\" data-widget_type=\"heading.default\">\n\t\t\t\t<div class=\"elementor-widget-container\">\n\t\t\t\t\t<h2 class=\"elementor-heading-title elementor-size-default\">Rada Naukowa Sekcji<\/h2>\t\t\t\t<\/div>\n\t\t\t\t<\/div>\n\t\t\t\t\t<\/div>\n\t\t<\/div>\n\t\t\t\t\t<\/div>\n\t\t<\/section>\n\t\t\t\t<section class=\"elementor-section elementor-top-section elementor-element elementor-element-49e8b99 elementor-section-boxed elementor-section-height-default elementor-section-height-default\" data-id=\"49e8b99\" data-element_type=\"section\" data-e-type=\"section\">\n\t\t\t\t\t\t<div class=\"elementor-container elementor-column-gap-default\">\n\t\t\t\t\t<div class=\"elementor-column elementor-col-100 elementor-top-column elementor-element elementor-element-67bd627\" data-id=\"67bd627\" data-element_type=\"column\" data-e-type=\"column\">\n\t\t\t<div class=\"elementor-widget-wrap elementor-element-populated\">\n\t\t\t\t\t\t<div class=\"elementor-element elementor-element-a7e9143 elementor-widget elementor-widget-text-editor\" data-id=\"a7e9143\" data-element_type=\"widget\" data-e-type=\"widget\" data-widget_type=\"text-editor.default\">\n\t\t\t\t<div class=\"elementor-widget-container\">\n\t\t\t\t\t\t\t\t\t<p>dr hab. Jakub Niedbalski, prof. U\u0141 (Uniwersytet \u0141\u00f3dzki) \u2013 przewodnicz\u0105cy Rady<\/p><p>dr hab. Barbara G\u0105ciarz, prof. AGH (Akademia G\u00f3rniczo-Hutnicza w Krakowie)<\/p><p>dr hab. Ewa Giermanowska (Uniwersytet Warszawski)<\/p><p>dr hab. Dobroniega G\u0142\u0119bocka, prof. UAM (Uniwersytet Adama Mickiewicza w Poznaniu)<\/p><p>dr hab. Edyta Janus, prof. AKF (Akademia Kultury Fizycznej im. Bronis\u0142awa Czecha w Krakowie\u00a0)<\/p><p>dr hab. Hanna K\u0119dzierska, prof. UWM (Uniwersytet Warmi\u0144sko-Mazurski)<\/p><p>Assoc.\u00a0 prof. Salom\u0117ja Karasevi\u010di\u016bt\u0117, Ph.D., Kauno Kolegija HEI<\/p><p>mgr Jana Ko\u017e\u00e1rov\u00e1, PhD., univer. Docent, University of Pre\u0161ov<\/p><p>Assoc. prof. Jurga Mataityt\u0117-Dir\u017eien\u0117, PhD., univer. Docent, Vilnius University<\/p><p>dr hab. Tomasz Mas\u0142yk, prof. AGH (Akademia G\u00f3rniczo-Hutnicza, Krak\u00f3w)<\/p><p>dr hab. Gra\u017cyna Miko\u0142ajczyk-Lerman, prof. U\u0141 (Uniwersytet \u0141\u00f3dzki)<\/p><p>dr hab. Jakub Niedbalski, prof. U\u0141 (Uniwersytet \u0141\u00f3dzki) \u2013 przewodnicz\u0105cy rady<\/p><p>dr hab. Mariola Rac\u0142aw, prof. UW (Uniwersytet Warszawski)<\/p><p>dr hab. Tomasz Sahaj (Akademia Wychowania Fizycznego w Poznaniu<\/p><p><span style=\"font-size: 0.9375rem;\">dr hab. Beata Szluz, prof. URz (Uniwersytet Rzeszowski)<\/span><\/p><p>prof. dr hab. El\u017cbieta Zakrzkewska-Manterys (Uniwersytet Warszawski)<\/p><p><span style=\"font-size: 0.9375rem;\">mgr. Jarmila \u017dolnov\u00e1, PhD., univer. Docent, University of Pre\u0161ov<\/span><\/p><p>dr hab. Agnieszka \u017byta, prof. UWM (Uniwersytet Warmi\u0144sko-Mazurski)<\/p><div class=\"v1elementToProof\"><br \/><br \/><\/div><p>\u00a0<\/p>\t\t\t\t\t\t\t\t<\/div>\n\t\t\t\t<\/div>\n\t\t\t\t\t<\/div>\n\t\t<\/div>\n\t\t\t\t\t<\/div>\n\t\t<\/section>\n\t\t\t\t<\/div>\n\t\t","protected":false},"excerpt":{"rendered":"<p>Rada Naukowa Sekcji dr hab. Jakub Niedbalski, prof. U\u0141 (Uniwersytet \u0141\u00f3dzki) \u2013 przewodnicz\u0105cy Rady dr hab. Barbara G\u0105ciarz, prof. AGH (Akademia G\u00f3rniczo-Hutnicza w Krakowie) dr hab. Ewa Giermanowska (Uniwersytet Warszawski) dr hab. Dobroniega G\u0142\u0119bocka, prof. UAM (Uniwersytet Adama Mickiewicza w Poznaniu) dr hab. Edyta Janus, prof. AKF (Akademia Kultury Fizycznej&#8230;<\/p>\n","protected":false},"author":1,"featured_media":0,"parent":0,"menu_order":0,"comment_status":"closed","ping_status":"closed","template":"","meta":{"footnotes":""},"class_list":["post-26348","page","type-page","status-publish","hentry"],"yoast_head":"<!-- This site is optimized with the Yoast SEO plugin v19.12 - https:\/\/yoast.com\/wordpress\/plugins\/seo\/ -->\n<title>Rada Naukowa Sekcji - Sekcja PTS Socjologii Niepe\u0142nosprawno\u015bci<\/title>\n<meta name=\"robots\" content=\"index, follow, max-snippet:-1, max-image-preview:large, max-video-preview:-1\" \/>\n<link rel=\"canonical\" href=\"https:\/\/ssn-pts.pl\/?page_id=26348\" \/>\n<meta property=\"og:locale\" content=\"pl_PL\" \/>\n<meta property=\"og:type\" content=\"article\" \/>\n<meta property=\"og:title\" content=\"Rada Naukowa Sekcji - Sekcja PTS Socjologii Niepe\u0142nosprawno\u015bci\" \/>\n<meta property=\"og:description\" content=\"Rada Naukowa Sekcji dr hab. Jakub Niedbalski, prof. U\u0141 (Uniwersytet \u0141\u00f3dzki) \u2013 przewodnicz\u0105cy Rady dr hab. Barbara G\u0105ciarz, prof. AGH (Akademia G\u00f3rniczo-Hutnicza w Krakowie) dr hab. Ewa Giermanowska (Uniwersytet Warszawski) dr hab. Dobroniega G\u0142\u0119bocka, prof. UAM (Uniwersytet Adama Mickiewicza w Poznaniu) dr hab. Edyta Janus, prof. AKF (Akademia Kultury Fizycznej...\" \/>\n<meta property=\"og:url\" content=\"https:\/\/ssn-pts.pl\/?page_id=26348\" \/>\n<meta property=\"og:site_name\" content=\"Sekcja PTS Socjologii Niepe\u0142nosprawno\u015bci\" \/>\n<meta property=\"article:publisher\" content=\"https:\/\/www.facebook.com\/pg\/SSNPTS\" \/>\n<meta property=\"article:modified_time\" content=\"2025-07-15T19:41:26+00:00\" \/>\n<meta name=\"twitter:card\" content=\"summary_large_image\" \/>\n<meta name=\"twitter:label1\" content=\"Szacowany czas czytania\" \/>\n\t<meta name=\"twitter:data1\" content=\"1 minuta\" \/>\n<script type=\"application\/ld+json\" class=\"yoast-schema-graph\">{\"@context\":\"https:\/\/schema.org\",\"@graph\":[{\"@type\":\"WebPage\",\"@id\":\"https:\/\/ssn-pts.pl\/?page_id=26348\",\"url\":\"https:\/\/ssn-pts.pl\/?page_id=26348\",\"name\":\"Rada Naukowa Sekcji - Sekcja PTS Socjologii Niepe\u0142nosprawno\u015bci\",\"isPartOf\":{\"@id\":\"http:\/\/ssn-pts.pl\/#website\"},\"datePublished\":\"2025-01-12T08:29:03+00:00\",\"dateModified\":\"2025-07-15T19:41:26+00:00\",\"breadcrumb\":{\"@id\":\"https:\/\/ssn-pts.pl\/?page_id=26348#breadcrumb\"},\"inLanguage\":\"pl-PL\",\"potentialAction\":[{\"@type\":\"ReadAction\",\"target\":[\"https:\/\/ssn-pts.pl\/?page_id=26348\"]}]},{\"@type\":\"BreadcrumbList\",\"@id\":\"https:\/\/ssn-pts.pl\/?page_id=26348#breadcrumb\",\"itemListElement\":[{\"@type\":\"ListItem\",\"position\":1,\"name\":\"Strona g\u0142\u00f3wna\",\"item\":\"http:\/\/ssn-pts.pl\/\"},{\"@type\":\"ListItem\",\"position\":2,\"name\":\"Rada Naukowa Sekcji\"}]},{\"@type\":\"WebSite\",\"@id\":\"http:\/\/ssn-pts.pl\/#website\",\"url\":\"http:\/\/ssn-pts.pl\/\",\"name\":\"Sekcja PTS Socjologia Niepe\u0142nosprawno\u015bci\",\"description\":\"\",\"publisher\":{\"@id\":\"http:\/\/ssn-pts.pl\/#organization\"},\"potentialAction\":[{\"@type\":\"SearchAction\",\"target\":{\"@type\":\"EntryPoint\",\"urlTemplate\":\"http:\/\/ssn-pts.pl\/?s={search_term_string}\"},\"query-input\":\"required name=search_term_string\"}],\"inLanguage\":\"pl-PL\"},{\"@type\":\"Organization\",\"@id\":\"http:\/\/ssn-pts.pl\/#organization\",\"name\":\"Sekcja PTS Socjologia Niepe\u0142nosprawno\u015bci\",\"url\":\"http:\/\/ssn-pts.pl\/\",\"logo\":{\"@type\":\"ImageObject\",\"inLanguage\":\"pl-PL\",\"@id\":\"http:\/\/ssn-pts.pl\/#\/schema\/logo\/image\/\",\"url\":\"http:\/\/socjologianiepelnosprawnosci.pl\/wp-content\/uploads\/2019\/07\/logo.png\",\"contentUrl\":\"http:\/\/socjologianiepelnosprawnosci.pl\/wp-content\/uploads\/2019\/07\/logo.png\",\"width\":872,\"height\":604,\"caption\":\"Sekcja PTS Socjologia Niepe\u0142nosprawno\u015bci\"},\"image\":{\"@id\":\"http:\/\/ssn-pts.pl\/#\/schema\/logo\/image\/\"},\"sameAs\":[\"https:\/\/www.facebook.com\/pg\/SSNPTS\"]}]}<\/script>\n<!-- \/ Yoast SEO plugin. -->","yoast_head_json":{"title":"Rada Naukowa Sekcji - Sekcja PTS Socjologii Niepe\u0142nosprawno\u015bci","robots":{"index":"index","follow":"follow","max-snippet":"max-snippet:-1","max-image-preview":"max-image-preview:large","max-video-preview":"max-video-preview:-1"},"canonical":"https:\/\/ssn-pts.pl\/?page_id=26348","og_locale":"pl_PL","og_type":"article","og_title":"Rada Naukowa Sekcji - Sekcja PTS Socjologii Niepe\u0142nosprawno\u015bci","og_description":"Rada Naukowa Sekcji dr hab. Jakub Niedbalski, prof. U\u0141 (Uniwersytet \u0141\u00f3dzki) \u2013 przewodnicz\u0105cy Rady dr hab. Barbara G\u0105ciarz, prof. AGH (Akademia G\u00f3rniczo-Hutnicza w Krakowie) dr hab. Ewa Giermanowska (Uniwersytet Warszawski) dr hab. Dobroniega G\u0142\u0119bocka, prof. UAM (Uniwersytet Adama Mickiewicza w Poznaniu) dr hab. Edyta Janus, prof. AKF (Akademia Kultury Fizycznej...","og_url":"https:\/\/ssn-pts.pl\/?page_id=26348","og_site_name":"Sekcja PTS Socjologii Niepe\u0142nosprawno\u015bci","article_publisher":"https:\/\/www.facebook.com\/pg\/SSNPTS","article_modified_time":"2025-07-15T19:41:26+00:00","twitter_card":"summary_large_image","twitter_misc":{"Szacowany czas czytania":"1 minuta"},"schema":{"@context":"https:\/\/schema.org","@graph":[{"@type":"WebPage","@id":"https:\/\/ssn-pts.pl\/?page_id=26348","url":"https:\/\/ssn-pts.pl\/?page_id=26348","name":"Rada Naukowa Sekcji - Sekcja PTS Socjologii Niepe\u0142nosprawno\u015bci","isPartOf":{"@id":"http:\/\/ssn-pts.pl\/#website"},"datePublished":"2025-01-12T08:29:03+00:00","dateModified":"2025-07-15T19:41:26+00:00","breadcrumb":{"@id":"https:\/\/ssn-pts.pl\/?page_id=26348#breadcrumb"},"inLanguage":"pl-PL","potentialAction":[{"@type":"ReadAction","target":["https:\/\/ssn-pts.pl\/?page_id=26348"]}]},{"@type":"BreadcrumbList","@id":"https:\/\/ssn-pts.pl\/?page_id=26348#breadcrumb","itemListElement":[{"@type":"ListItem","position":1,"name":"Strona g\u0142\u00f3wna","item":"http:\/\/ssn-pts.pl\/"},{"@type":"ListItem","position":2,"name":"Rada Naukowa Sekcji"}]},{"@type":"WebSite","@id":"http:\/\/ssn-pts.pl\/#website","url":"http:\/\/ssn-pts.pl\/","name":"Sekcja PTS Socjologia Niepe\u0142nosprawno\u015bci","description":"","publisher":{"@id":"http:\/\/ssn-pts.pl\/#organization"},"potentialAction":[{"@type":"SearchAction","target":{"@type":"EntryPoint","urlTemplate":"http:\/\/ssn-pts.pl\/?s={search_term_string}"},"query-input":"required name=search_term_string"}],"inLanguage":"pl-PL"},{"@type":"Organization","@id":"http:\/\/ssn-pts.pl\/#organization","name":"Sekcja PTS Socjologia Niepe\u0142nosprawno\u015bci","url":"http:\/\/ssn-pts.pl\/","logo":{"@type":"ImageObject","inLanguage":"pl-PL","@id":"http:\/\/ssn-pts.pl\/#\/schema\/logo\/image\/","url":"http:\/\/socjologianiepelnosprawnosci.pl\/wp-content\/uploads\/2019\/07\/logo.png","contentUrl":"http:\/\/socjologianiepelnosprawnosci.pl\/wp-content\/uploads\/2019\/07\/logo.png","width":872,"height":604,"caption":"Sekcja PTS Socjologia Niepe\u0142nosprawno\u015bci"},"image":{"@id":"http:\/\/ssn-pts.pl\/#\/schema\/logo\/image\/"},"sameAs":["https:\/\/www.facebook.com\/pg\/SSNPTS"]}]}},"_links":{"self":[{"href":"https:\/\/ssn-pts.pl\/index.php?rest_route=\/wp\/v2\/pages\/26348"}],"collection":[{"href":"https:\/\/ssn-pts.pl\/index.php?rest_route=\/wp\/v2\/pages"}],"about":[{"href":"https:\/\/ssn-pts.pl\/index.php?rest_route=\/wp\/v2\/types\/page"}],"author":[{"embeddable":true,"href":"https:\/\/ssn-pts.pl\/index.php?rest_route=\/wp\/v2\/users\/1"}],"replies":[{"embeddable":true,"href":"https:\/\/ssn-pts.pl\/index.php?rest_route=%2Fwp%2Fv2%2Fcomments&post=26348"}],"version-history":[{"count":10,"href":"https:\/\/ssn-pts.pl\/index.php?rest_route=\/wp\/v2\/pages\/26348\/revisions"}],"predecessor-version":[{"id":26464,"href":"https:\/\/ssn-pts.pl\/index.php?rest_route=\/wp\/v2\/pages\/26348\/revisions\/26464"}],"wp:attachment":[{"href":"https:\/\/ssn-pts.pl\/index.php?rest_route=%2Fwp%2Fv2%2Fmedia&parent=26348"}],"curies":[{"name":"wp","href":"https:\/\/api.w.org\/{rel}","templated":true}]}}