{"id":2940,"date":"2021-10-04T23:45:47","date_gmt":"2021-10-04T21:45:47","guid":{"rendered":"http:\/\/socjologianiepelnosprawnosci.pl\/?page_id=2940"},"modified":"2021-10-05T00:13:31","modified_gmt":"2021-10-04T22:13:31","slug":"edycja-ii","status":"publish","type":"page","link":"https:\/\/ssn-pts.pl\/?page_id=2940","title":{"rendered":"Edycja II"},"content":{"rendered":"\t\t<div data-elementor-type=\"wp-page\" data-elementor-id=\"2940\" class=\"elementor elementor-2940\">\n\t\t\t\t\t\t<section class=\"elementor-section elementor-top-section elementor-element elementor-element-890c0f4 elementor-section-boxed elementor-section-height-default elementor-section-height-default\" data-id=\"890c0f4\" data-element_type=\"section\" data-e-type=\"section\">\n\t\t\t\t\t\t<div class=\"elementor-container elementor-column-gap-default\">\n\t\t\t\t\t<div class=\"elementor-column elementor-col-100 elementor-top-column elementor-element elementor-element-9809cf6\" data-id=\"9809cf6\" data-element_type=\"column\" data-e-type=\"column\" data-settings=\"{&quot;background_background&quot;:&quot;classic&quot;}\">\n\t\t\t<div class=\"elementor-widget-wrap elementor-element-populated\">\n\t\t\t\t\t\t<div class=\"elementor-element elementor-element-1bef236 elementor-widget elementor-widget-heading\" data-id=\"1bef236\" data-element_type=\"widget\" data-e-type=\"widget\" data-widget_type=\"heading.default\">\n\t\t\t\t<div class=\"elementor-widget-container\">\n\t\t\t\t\t<h1 class=\"elementor-heading-title elementor-size-default\">II edycja Konkursu \n       \n \"Zdj\u0119cie na ok\u0142adk\u0119\"<\/h1>\t\t\t\t<\/div>\n\t\t\t\t<\/div>\n\t\t\t\t\t<\/div>\n\t\t<\/div>\n\t\t\t\t\t<\/div>\n\t\t<\/section>\n\t\t\t\t<section class=\"elementor-section elementor-top-section elementor-element elementor-element-ee120ff elementor-section-boxed elementor-section-height-default elementor-section-height-default\" data-id=\"ee120ff\" data-element_type=\"section\" data-e-type=\"section\">\n\t\t\t\t\t\t<div class=\"elementor-container elementor-column-gap-default\">\n\t\t\t\t\t<div class=\"elementor-column elementor-col-100 elementor-top-column elementor-element elementor-element-f4055b0\" data-id=\"f4055b0\" data-element_type=\"column\" data-e-type=\"column\">\n\t\t\t<div class=\"elementor-widget-wrap elementor-element-populated\">\n\t\t\t\t\t\t<div class=\"elementor-element elementor-element-33ff265 elementor-widget elementor-widget-text-editor\" data-id=\"33ff265\" data-element_type=\"widget\" data-e-type=\"widget\" data-widget_type=\"text-editor.default\">\n\t\t\t\t<div class=\"elementor-widget-container\">\n\t\t\t\t\t\t\t\t\t<p>Informujemy, \u017ce II edycja&nbsp; konkursu \u201eZdj\u0119cia na ok\u0142adk\u0119\u201d zosta\u0142a roztrzygni\u0119ta.&nbsp; Dzi\u0119kujemy&nbsp; wszystkim, kt\u00f3rzy zg\u0142osili si\u0119 do nas i przes\u0142ali swoje prace.&nbsp;<\/p>\n<p>Po\u015br\u00f3d fotografii, kt\u00f3re zosta\u0142y nades\u0142ane jury w sk\u0142adzie: Jakub Niedbalski, Mariola Rac\u0142aw, Grzegorz Ca\u0142ek,&nbsp; nagrodzi\u0142o&nbsp; zdj\u0119cie&nbsp; autorstwa Artura \u015awistka, kt\u00f3re ozdobi ok\u0142adk\u0119 monografii, pt. &#8222;Wirtualizacja \u017cycia os\u00f3b z niepe\u0142nosprawno\u015bci\u0105&#8221;.<\/p>\t\t\t\t\t\t\t\t<\/div>\n\t\t\t\t<\/div>\n\t\t\t\t\t<\/div>\n\t\t<\/div>\n\t\t\t\t\t<\/div>\n\t\t<\/section>\n\t\t\t\t<section class=\"elementor-section elementor-top-section elementor-element elementor-element-52957b7 elementor-section-boxed elementor-section-height-default elementor-section-height-default\" data-id=\"52957b7\" data-element_type=\"section\" data-e-type=\"section\">\n\t\t\t\t\t\t<div class=\"elementor-container elementor-column-gap-default\">\n\t\t\t\t\t<div class=\"elementor-column elementor-col-100 elementor-top-column elementor-element elementor-element-440516a\" data-id=\"440516a\" data-element_type=\"column\" data-e-type=\"column\">\n\t\t\t<div class=\"elementor-widget-wrap elementor-element-populated\">\n\t\t\t\t\t\t<div class=\"elementor-element elementor-element-e7eb87e elementor-widget elementor-widget-heading\" data-id=\"e7eb87e\" data-element_type=\"widget\" data-e-type=\"widget\" data-widget_type=\"heading.default\">\n\t\t\t\t<div class=\"elementor-widget-container\">\n\t\t\t\t\t<h2 class=\"elementor-heading-title elementor-size-default\">Zwyci\u0119skie zdj\u0119cie - autor Artur \u015awistek<\/h2>\t\t\t\t<\/div>\n\t\t\t\t<\/div>\n\t\t\t\t\t<\/div>\n\t\t<\/div>\n\t\t\t\t\t<\/div>\n\t\t<\/section>\n\t\t\t\t<section class=\"elementor-section elementor-top-section elementor-element elementor-element-bb31028 elementor-section-boxed elementor-section-height-default elementor-section-height-default\" data-id=\"bb31028\" data-element_type=\"section\" data-e-type=\"section\">\n\t\t\t\t\t\t<div class=\"elementor-container elementor-column-gap-default\">\n\t\t\t\t\t<div class=\"elementor-column elementor-col-100 elementor-top-column elementor-element elementor-element-5e93296\" data-id=\"5e93296\" data-element_type=\"column\" data-e-type=\"column\">\n\t\t\t<div class=\"elementor-widget-wrap elementor-element-populated\">\n\t\t\t\t\t\t<div class=\"elementor-element elementor-element-99855af elementor-widget elementor-widget-image\" data-id=\"99855af\" data-element_type=\"widget\" data-e-type=\"widget\" data-widget_type=\"image.default\">\n\t\t\t\t<div class=\"elementor-widget-container\">\n\t\t\t\t\t\t\t\t\t\t\t\t\t\t\t<img fetchpriority=\"high\" decoding=\"async\" width=\"768\" height=\"1024\" src=\"https:\/\/ssn-pts.pl\/wp-content\/uploads\/2021\/10\/zdjecie_monografia-3-768x1024.jpeg\" class=\"attachment-large size-large wp-image-2945\" alt=\"Zdj\u0119cie przesdtawia osob\u0119 z niepe\u0142nopsrawno\u015bci\u0105 intelektualn\u0105 z tabletem siedz\u0105ca na sali gimnastycznej przy drabince.\" srcset=\"https:\/\/ssn-pts.pl\/wp-content\/uploads\/2021\/10\/zdjecie_monografia-3-768x1024.jpeg 768w, https:\/\/ssn-pts.pl\/wp-content\/uploads\/2021\/10\/zdjecie_monografia-3-225x300.jpeg 225w, https:\/\/ssn-pts.pl\/wp-content\/uploads\/2021\/10\/zdjecie_monografia-3-1152x1536.jpeg 1152w, https:\/\/ssn-pts.pl\/wp-content\/uploads\/2021\/10\/zdjecie_monografia-3.jpeg 1536w\" sizes=\"(max-width: 768px) 100vw, 768px\" \/>\t\t\t\t\t\t\t\t\t\t\t\t\t\t\t<\/div>\n\t\t\t\t<\/div>\n\t\t\t\t\t<\/div>\n\t\t<\/div>\n\t\t\t\t\t<\/div>\n\t\t<\/section>\n\t\t\t\t<\/div>\n\t\t","protected":false},"excerpt":{"rendered":"<p>II edycja Konkursu &#8222;Zdj\u0119cie na ok\u0142adk\u0119&#8221; Informujemy, \u017ce II edycja&nbsp; konkursu \u201eZdj\u0119cia na ok\u0142adk\u0119\u201d zosta\u0142a roztrzygni\u0119ta.&nbsp; Dzi\u0119kujemy&nbsp; wszystkim, kt\u00f3rzy zg\u0142osili si\u0119 do nas i przes\u0142ali swoje prace.&nbsp; Po\u015br\u00f3d fotografii, kt\u00f3re zosta\u0142y nades\u0142ane jury w sk\u0142adzie: Jakub Niedbalski, Mariola Rac\u0142aw, Grzegorz Ca\u0142ek,&nbsp; nagrodzi\u0142o&nbsp; zdj\u0119cie&nbsp; autorstwa Artura \u015awistka, kt\u00f3re ozdobi ok\u0142adk\u0119 monografii,&#8230;<\/p>\n","protected":false},"author":1,"featured_media":0,"parent":0,"menu_order":0,"comment_status":"closed","ping_status":"closed","template":"","meta":{"footnotes":""},"class_list":["post-2940","page","type-page","status-publish","hentry"],"yoast_head":"<!-- This site is optimized with the Yoast SEO plugin v19.12 - https:\/\/yoast.com\/wordpress\/plugins\/seo\/ -->\n<title>Edycja II - Sekcja PTS Socjologii Niepe\u0142nosprawno\u015bci<\/title>\n<meta name=\"robots\" content=\"index, follow, max-snippet:-1, max-image-preview:large, max-video-preview:-1\" \/>\n<link rel=\"canonical\" href=\"http:\/\/ssn-pts.pl\/?page_id=2940\" \/>\n<meta property=\"og:locale\" content=\"pl_PL\" \/>\n<meta property=\"og:type\" content=\"article\" \/>\n<meta property=\"og:title\" content=\"Edycja II - Sekcja PTS Socjologii Niepe\u0142nosprawno\u015bci\" \/>\n<meta property=\"og:description\" content=\"II edycja Konkursu &#8222;Zdj\u0119cie na ok\u0142adk\u0119&#8221; Informujemy, \u017ce II edycja&nbsp; konkursu \u201eZdj\u0119cia na ok\u0142adk\u0119\u201d zosta\u0142a roztrzygni\u0119ta.&nbsp; Dzi\u0119kujemy&nbsp; wszystkim, kt\u00f3rzy zg\u0142osili si\u0119 do nas i przes\u0142ali swoje prace.&nbsp; Po\u015br\u00f3d fotografii, kt\u00f3re zosta\u0142y nades\u0142ane jury w sk\u0142adzie: Jakub Niedbalski, Mariola Rac\u0142aw, Grzegorz Ca\u0142ek,&nbsp; nagrodzi\u0142o&nbsp; zdj\u0119cie&nbsp; autorstwa Artura \u015awistka, kt\u00f3re ozdobi ok\u0142adk\u0119 monografii,...\" \/>\n<meta property=\"og:url\" content=\"http:\/\/ssn-pts.pl\/?page_id=2940\" \/>\n<meta property=\"og:site_name\" content=\"Sekcja PTS Socjologii Niepe\u0142nosprawno\u015bci\" \/>\n<meta property=\"article:publisher\" content=\"https:\/\/www.facebook.com\/pg\/SSNPTS\" \/>\n<meta property=\"article:modified_time\" content=\"2021-10-04T22:13:31+00:00\" \/>\n<meta property=\"og:image\" content=\"http:\/\/socjologianiepelnosprawnosci.pl\/wp-content\/uploads\/2021\/10\/zdjecie_monografia-3-768x1024.jpeg\" \/>\n<meta name=\"twitter:card\" content=\"summary_large_image\" \/>\n<meta name=\"twitter:label1\" content=\"Szacowany czas czytania\" \/>\n\t<meta name=\"twitter:data1\" content=\"1 minuta\" \/>\n<script type=\"application\/ld+json\" class=\"yoast-schema-graph\">{\"@context\":\"https:\/\/schema.org\",\"@graph\":[{\"@type\":\"WebPage\",\"@id\":\"http:\/\/ssn-pts.pl\/?page_id=2940\",\"url\":\"http:\/\/ssn-pts.pl\/?page_id=2940\",\"name\":\"Edycja II - Sekcja PTS Socjologii Niepe\u0142nosprawno\u015bci\",\"isPartOf\":{\"@id\":\"http:\/\/ssn-pts.pl\/#website\"},\"datePublished\":\"2021-10-04T21:45:47+00:00\",\"dateModified\":\"2021-10-04T22:13:31+00:00\",\"breadcrumb\":{\"@id\":\"http:\/\/ssn-pts.pl\/?page_id=2940#breadcrumb\"},\"inLanguage\":\"pl-PL\",\"potentialAction\":[{\"@type\":\"ReadAction\",\"target\":[\"http:\/\/ssn-pts.pl\/?page_id=2940\"]}]},{\"@type\":\"BreadcrumbList\",\"@id\":\"http:\/\/ssn-pts.pl\/?page_id=2940#breadcrumb\",\"itemListElement\":[{\"@type\":\"ListItem\",\"position\":1,\"name\":\"Strona g\u0142\u00f3wna\",\"item\":\"http:\/\/ssn-pts.pl\/\"},{\"@type\":\"ListItem\",\"position\":2,\"name\":\"Edycja II\"}]},{\"@type\":\"WebSite\",\"@id\":\"http:\/\/ssn-pts.pl\/#website\",\"url\":\"http:\/\/ssn-pts.pl\/\",\"name\":\"Sekcja PTS Socjologia Niepe\u0142nosprawno\u015bci\",\"description\":\"\",\"publisher\":{\"@id\":\"http:\/\/ssn-pts.pl\/#organization\"},\"potentialAction\":[{\"@type\":\"SearchAction\",\"target\":{\"@type\":\"EntryPoint\",\"urlTemplate\":\"http:\/\/ssn-pts.pl\/?s={search_term_string}\"},\"query-input\":\"required name=search_term_string\"}],\"inLanguage\":\"pl-PL\"},{\"@type\":\"Organization\",\"@id\":\"http:\/\/ssn-pts.pl\/#organization\",\"name\":\"Sekcja PTS Socjologia Niepe\u0142nosprawno\u015bci\",\"url\":\"http:\/\/ssn-pts.pl\/\",\"logo\":{\"@type\":\"ImageObject\",\"inLanguage\":\"pl-PL\",\"@id\":\"http:\/\/ssn-pts.pl\/#\/schema\/logo\/image\/\",\"url\":\"http:\/\/socjologianiepelnosprawnosci.pl\/wp-content\/uploads\/2019\/07\/logo.png\",\"contentUrl\":\"http:\/\/socjologianiepelnosprawnosci.pl\/wp-content\/uploads\/2019\/07\/logo.png\",\"width\":872,\"height\":604,\"caption\":\"Sekcja PTS Socjologia Niepe\u0142nosprawno\u015bci\"},\"image\":{\"@id\":\"http:\/\/ssn-pts.pl\/#\/schema\/logo\/image\/\"},\"sameAs\":[\"https:\/\/www.facebook.com\/pg\/SSNPTS\"]}]}<\/script>\n<!-- \/ Yoast SEO plugin. -->","yoast_head_json":{"title":"Edycja II - Sekcja PTS Socjologii Niepe\u0142nosprawno\u015bci","robots":{"index":"index","follow":"follow","max-snippet":"max-snippet:-1","max-image-preview":"max-image-preview:large","max-video-preview":"max-video-preview:-1"},"canonical":"http:\/\/ssn-pts.pl\/?page_id=2940","og_locale":"pl_PL","og_type":"article","og_title":"Edycja II - Sekcja PTS Socjologii Niepe\u0142nosprawno\u015bci","og_description":"II edycja Konkursu &#8222;Zdj\u0119cie na ok\u0142adk\u0119&#8221; Informujemy, \u017ce II edycja&nbsp; konkursu \u201eZdj\u0119cia na ok\u0142adk\u0119\u201d zosta\u0142a roztrzygni\u0119ta.&nbsp; Dzi\u0119kujemy&nbsp; wszystkim, kt\u00f3rzy zg\u0142osili si\u0119 do nas i przes\u0142ali swoje prace.&nbsp; Po\u015br\u00f3d fotografii, kt\u00f3re zosta\u0142y nades\u0142ane jury w sk\u0142adzie: Jakub Niedbalski, Mariola Rac\u0142aw, Grzegorz Ca\u0142ek,&nbsp; nagrodzi\u0142o&nbsp; zdj\u0119cie&nbsp; autorstwa Artura \u015awistka, kt\u00f3re ozdobi ok\u0142adk\u0119 monografii,...","og_url":"http:\/\/ssn-pts.pl\/?page_id=2940","og_site_name":"Sekcja PTS Socjologii Niepe\u0142nosprawno\u015bci","article_publisher":"https:\/\/www.facebook.com\/pg\/SSNPTS","article_modified_time":"2021-10-04T22:13:31+00:00","og_image":[{"url":"http:\/\/socjologianiepelnosprawnosci.pl\/wp-content\/uploads\/2021\/10\/zdjecie_monografia-3-768x1024.jpeg"}],"twitter_card":"summary_large_image","twitter_misc":{"Szacowany czas czytania":"1 minuta"},"schema":{"@context":"https:\/\/schema.org","@graph":[{"@type":"WebPage","@id":"http:\/\/ssn-pts.pl\/?page_id=2940","url":"http:\/\/ssn-pts.pl\/?page_id=2940","name":"Edycja II - Sekcja PTS Socjologii Niepe\u0142nosprawno\u015bci","isPartOf":{"@id":"http:\/\/ssn-pts.pl\/#website"},"datePublished":"2021-10-04T21:45:47+00:00","dateModified":"2021-10-04T22:13:31+00:00","breadcrumb":{"@id":"http:\/\/ssn-pts.pl\/?page_id=2940#breadcrumb"},"inLanguage":"pl-PL","potentialAction":[{"@type":"ReadAction","target":["http:\/\/ssn-pts.pl\/?page_id=2940"]}]},{"@type":"BreadcrumbList","@id":"http:\/\/ssn-pts.pl\/?page_id=2940#breadcrumb","itemListElement":[{"@type":"ListItem","position":1,"name":"Strona g\u0142\u00f3wna","item":"http:\/\/ssn-pts.pl\/"},{"@type":"ListItem","position":2,"name":"Edycja II"}]},{"@type":"WebSite","@id":"http:\/\/ssn-pts.pl\/#website","url":"http:\/\/ssn-pts.pl\/","name":"Sekcja PTS Socjologia Niepe\u0142nosprawno\u015bci","description":"","publisher":{"@id":"http:\/\/ssn-pts.pl\/#organization"},"potentialAction":[{"@type":"SearchAction","target":{"@type":"EntryPoint","urlTemplate":"http:\/\/ssn-pts.pl\/?s={search_term_string}"},"query-input":"required name=search_term_string"}],"inLanguage":"pl-PL"},{"@type":"Organization","@id":"http:\/\/ssn-pts.pl\/#organization","name":"Sekcja PTS Socjologia Niepe\u0142nosprawno\u015bci","url":"http:\/\/ssn-pts.pl\/","logo":{"@type":"ImageObject","inLanguage":"pl-PL","@id":"http:\/\/ssn-pts.pl\/#\/schema\/logo\/image\/","url":"http:\/\/socjologianiepelnosprawnosci.pl\/wp-content\/uploads\/2019\/07\/logo.png","contentUrl":"http:\/\/socjologianiepelnosprawnosci.pl\/wp-content\/uploads\/2019\/07\/logo.png","width":872,"height":604,"caption":"Sekcja PTS Socjologia Niepe\u0142nosprawno\u015bci"},"image":{"@id":"http:\/\/ssn-pts.pl\/#\/schema\/logo\/image\/"},"sameAs":["https:\/\/www.facebook.com\/pg\/SSNPTS"]}]}},"_links":{"self":[{"href":"https:\/\/ssn-pts.pl\/index.php?rest_route=\/wp\/v2\/pages\/2940"}],"collection":[{"href":"https:\/\/ssn-pts.pl\/index.php?rest_route=\/wp\/v2\/pages"}],"about":[{"href":"https:\/\/ssn-pts.pl\/index.php?rest_route=\/wp\/v2\/types\/page"}],"author":[{"embeddable":true,"href":"https:\/\/ssn-pts.pl\/index.php?rest_route=\/wp\/v2\/users\/1"}],"replies":[{"embeddable":true,"href":"https:\/\/ssn-pts.pl\/index.php?rest_route=%2Fwp%2Fv2%2Fcomments&post=2940"}],"version-history":[{"count":19,"href":"https:\/\/ssn-pts.pl\/index.php?rest_route=\/wp\/v2\/pages\/2940\/revisions"}],"predecessor-version":[{"id":2964,"href":"https:\/\/ssn-pts.pl\/index.php?rest_route=\/wp\/v2\/pages\/2940\/revisions\/2964"}],"wp:attachment":[{"href":"https:\/\/ssn-pts.pl\/index.php?rest_route=%2Fwp%2Fv2%2Fmedia&parent=2940"}],"curies":[{"name":"wp","href":"https:\/\/api.w.org\/{rel}","templated":true}]}}